{"id":261,"date":"2012-04-13T16:39:56","date_gmt":"2012-04-13T19:39:56","guid":{"rendered":"https:\/\/www.office365brasil.com.br\/365blog\/?page_id=261"},"modified":"2014-03-15T23:41:00","modified_gmt":"2014-03-15T23:41:00","slug":"comparativo-de-planos-1-e-2-das-solucoes-do-office-365","status":"publish","type":"page","link":"https:\/\/www.office365brasil.com.br\/365blog\/comparativo-de-planos-1-e-2-das-solucoes-do-office-365\/","title":{"rendered":"Comparativo de Planos 1 e 2 das Solu\u00e7\u00f5es do Office 365"},"content":{"rendered":"<h1><strong><a href=\"https:\/\/www.office365brasil.com.br\/365blog\/wp-content\/uploads\/2012\/04\/planos_office365.jpg\"><img loading=\"lazy\" decoding=\"async\" class=\"alignleft size-full wp-image-264\" title=\"planos_office365\" alt=\"Comparativo de Planos de Solu\u00e7\u00f5es do Office 365\" src=\"https:\/\/www.office365brasil.com.br\/365blog\/wp-content\/uploads\/2012\/04\/planos_office365.jpg\" width=\"600\" height=\"200\" \/><\/a><\/strong><\/h1>\n<h1><\/h1>\n<h1><\/h1>\n<h1><\/h1>\n<h1><\/h1>\n<h1><\/h1>\n<h1><strong><a href=\"https:\/\/www.office365brasil.com.br\/365blog\/exchange-online-2\/conhecendo-mais-acerca-do-exchange-online-no-office-365\/\"><br \/>\nComparando planos 1 e 2 do Exchange Online<\/a><\/strong><\/h1>\n<p>&nbsp;<\/p>\n<h1><strong><a href=\"https:\/\/www.office365brasil.com.br\/365blog\/sharepointonline\/conhecendo-mais-acerca-do-sharepoint-online-no-office-365-3\/\">Comparando planos 1 e 2 do Sharepoint Online<\/a><\/strong><\/h1>\n<p>&nbsp;<\/p>\n<h1><strong><a href=\"https:\/\/www.office365brasil.com.br\/365blog\/lynconlin\/conhecendo-mais-acerca-do-lync-online-no-office-365\/\">Comparando planos 1 e 2 do Lync Online<\/a><\/strong><\/h1>\n<p>&nbsp;<\/p>\n<!-- AddThis Advanced Settings generic via filter on the_content --><!-- AddThis Share Buttons generic via filter on the_content -->","protected":false},"excerpt":{"rendered":"<p>Comparando planos 1 e 2 do Exchange Online &nbsp; Comparando planos 1 e 2 do Sharepoint Online &nbsp; Comparando planos<!-- AddThis Advanced Settings generic via filter on wp_trim_excerpt --><!-- AddThis Share Buttons generic via filter on wp_trim_excerpt --><\/p>\n","protected":false},"author":2,"featured_media":0,"parent":0,"menu_order":0,"comment_status":"open","ping_status":"open","template":"","meta":{"colormag_page_container_layout":"default_layout","colormag_page_sidebar_layout":"default_layout","footnotes":""},"class_list":["post-261","page","type-page","status-publish","hentry"],"yoast_head":"<!-- This site is optimized with the Yoast SEO plugin v27.2 - https:\/\/yoast.com\/product\/yoast-seo-wordpress\/ -->\n<title>Comparando Planos 1 e 2 das Solu\u00e7\u00f5es do Office 365 para empresas<\/title>\n<meta name=\"description\" content=\"Comparando as diferen\u00e7as entre os planos 1 e 2 das solu\u00e7\u00f5es que fazem parte do office 365 para empresas. Veja os comparativos e descubra a melhor op\u00e7\u00e3o.\" \/>\n<meta name=\"robots\" content=\"index, follow, max-snippet:-1, max-image-preview:large, max-video-preview:-1\" \/>\n<link rel=\"canonical\" href=\"https:\/\/www.office365brasil.com.br\/365blog\/comparativo-de-planos-1-e-2-das-solucoes-do-office-365\/\" \/>\n<meta property=\"og:locale\" content=\"pt_BR\" \/>\n<meta property=\"og:type\" content=\"article\" \/>\n<meta property=\"og:title\" content=\"Comparando Planos 1 e 2 das Solu\u00e7\u00f5es do Office 365 para empresas\" \/>\n<meta property=\"og:description\" content=\"Comparando as diferen\u00e7as entre os planos 1 e 2 das solu\u00e7\u00f5es que fazem parte do office 365 para empresas. Veja os comparativos e descubra a melhor op\u00e7\u00e3o.\" \/>\n<meta property=\"og:url\" content=\"https:\/\/www.office365brasil.com.br\/365blog\/comparativo-de-planos-1-e-2-das-solucoes-do-office-365\/\" \/>\n<meta property=\"og:site_name\" content=\"365Brasil Blog - Novidades sobre o Microsoft 365\" \/>\n<meta property=\"article:modified_time\" content=\"2014-03-15T23:41:00+00:00\" \/>\n<meta property=\"og:image\" content=\"https:\/\/www.office365brasil.com.br\/365blog\/wp-content\/uploads\/2012\/04\/planos_office365.jpg\" \/>\n<meta name=\"twitter:card\" content=\"summary_large_image\" \/>\n<script type=\"application\/ld+json\" class=\"yoast-schema-graph\">{\"@context\":\"https:\/\/schema.org\",\"@graph\":[{\"@type\":\"WebPage\",\"@id\":\"https:\/\/www.office365brasil.com.br\/365blog\/comparativo-de-planos-1-e-2-das-solucoes-do-office-365\/\",\"url\":\"https:\/\/www.office365brasil.com.br\/365blog\/comparativo-de-planos-1-e-2-das-solucoes-do-office-365\/\",\"name\":\"Comparando Planos 1 e 2 das Solu\u00e7\u00f5es do Office 365 para empresas\",\"isPartOf\":{\"@id\":\"https:\/\/www.office365brasil.com.br\/365blog\/#website\"},\"primaryImageOfPage\":{\"@id\":\"https:\/\/www.office365brasil.com.br\/365blog\/comparativo-de-planos-1-e-2-das-solucoes-do-office-365\/#primaryimage\"},\"image\":{\"@id\":\"https:\/\/www.office365brasil.com.br\/365blog\/comparativo-de-planos-1-e-2-das-solucoes-do-office-365\/#primaryimage\"},\"thumbnailUrl\":\"https:\/\/www.office365brasil.com.br\/365blog\/wp-content\/uploads\/2012\/04\/planos_office365.jpg\",\"datePublished\":\"2012-04-13T19:39:56+00:00\",\"dateModified\":\"2014-03-15T23:41:00+00:00\",\"description\":\"Comparando as diferen\u00e7as entre os planos 1 e 2 das solu\u00e7\u00f5es que fazem parte do office 365 para empresas. Veja os comparativos e descubra a melhor op\u00e7\u00e3o.\",\"breadcrumb\":{\"@id\":\"https:\/\/www.office365brasil.com.br\/365blog\/comparativo-de-planos-1-e-2-das-solucoes-do-office-365\/#breadcrumb\"},\"inLanguage\":\"pt-BR\",\"potentialAction\":[{\"@type\":\"ReadAction\",\"target\":[\"https:\/\/www.office365brasil.com.br\/365blog\/comparativo-de-planos-1-e-2-das-solucoes-do-office-365\/\"]}]},{\"@type\":\"ImageObject\",\"inLanguage\":\"pt-BR\",\"@id\":\"https:\/\/www.office365brasil.com.br\/365blog\/comparativo-de-planos-1-e-2-das-solucoes-do-office-365\/#primaryimage\",\"url\":\"https:\/\/www.office365brasil.com.br\/365blog\/wp-content\/uploads\/2012\/04\/planos_office365.jpg\",\"contentUrl\":\"https:\/\/www.office365brasil.com.br\/365blog\/wp-content\/uploads\/2012\/04\/planos_office365.jpg\"},{\"@type\":\"BreadcrumbList\",\"@id\":\"https:\/\/www.office365brasil.com.br\/365blog\/comparativo-de-planos-1-e-2-das-solucoes-do-office-365\/#breadcrumb\",\"itemListElement\":[{\"@type\":\"ListItem\",\"position\":1,\"name\":\"Home\",\"item\":\"https:\/\/www.office365brasil.com.br\/365blog\/\"},{\"@type\":\"ListItem\",\"position\":2,\"name\":\"Comparativo de Planos 1 e 2 das Solu\u00e7\u00f5es do Office 365\"}]},{\"@type\":\"WebSite\",\"@id\":\"https:\/\/www.office365brasil.com.br\/365blog\/#website\",\"url\":\"https:\/\/www.office365brasil.com.br\/365blog\/\",\"name\":\"365Brasil Blog - Novidades sobre o Microsoft 365\",\"description\":\"Novidades e artigos relacionados sobre o Microsoft 365\",\"publisher\":{\"@id\":\"https:\/\/www.office365brasil.com.br\/365blog\/#organization\"},\"potentialAction\":[{\"@type\":\"SearchAction\",\"target\":{\"@type\":\"EntryPoint\",\"urlTemplate\":\"https:\/\/www.office365brasil.com.br\/365blog\/?s={search_term_string}\"},\"query-input\":{\"@type\":\"PropertyValueSpecification\",\"valueRequired\":true,\"valueName\":\"search_term_string\"}}],\"inLanguage\":\"pt-BR\"},{\"@type\":\"Organization\",\"@id\":\"https:\/\/www.office365brasil.com.br\/365blog\/#organization\",\"name\":\"365Brasil Blog - Novidades sobre o Microsoft 365\",\"url\":\"https:\/\/www.office365brasil.com.br\/365blog\/\",\"logo\":{\"@type\":\"ImageObject\",\"inLanguage\":\"pt-BR\",\"@id\":\"https:\/\/www.office365brasil.com.br\/365blog\/#\/schema\/logo\/image\/\",\"url\":\"https:\/\/www.office365brasil.com.br\/365blog\/wp-content\/uploads\/2021\/04\/logo.png\",\"contentUrl\":\"https:\/\/www.office365brasil.com.br\/365blog\/wp-content\/uploads\/2021\/04\/logo.png\",\"width\":318,\"height\":65,\"caption\":\"365Brasil Blog - Novidades sobre o Microsoft 365\"},\"image\":{\"@id\":\"https:\/\/www.office365brasil.com.br\/365blog\/#\/schema\/logo\/image\/\"}}]}<\/script>\n<!-- \/ Yoast SEO plugin. -->","yoast_head_json":{"title":"Comparando Planos 1 e 2 das Solu\u00e7\u00f5es do Office 365 para empresas","description":"Comparando as diferen\u00e7as entre os planos 1 e 2 das solu\u00e7\u00f5es que fazem parte do office 365 para empresas. Veja os comparativos e descubra a melhor op\u00e7\u00e3o.","robots":{"index":"index","follow":"follow","max-snippet":"max-snippet:-1","max-image-preview":"max-image-preview:large","max-video-preview":"max-video-preview:-1"},"canonical":"https:\/\/www.office365brasil.com.br\/365blog\/comparativo-de-planos-1-e-2-das-solucoes-do-office-365\/","og_locale":"pt_BR","og_type":"article","og_title":"Comparando Planos 1 e 2 das Solu\u00e7\u00f5es do Office 365 para empresas","og_description":"Comparando as diferen\u00e7as entre os planos 1 e 2 das solu\u00e7\u00f5es que fazem parte do office 365 para empresas. Veja os comparativos e descubra a melhor op\u00e7\u00e3o.","og_url":"https:\/\/www.office365brasil.com.br\/365blog\/comparativo-de-planos-1-e-2-das-solucoes-do-office-365\/","og_site_name":"365Brasil Blog - Novidades sobre o Microsoft 365","article_modified_time":"2014-03-15T23:41:00+00:00","og_image":[{"url":"https:\/\/www.office365brasil.com.br\/365blog\/wp-content\/uploads\/2012\/04\/planos_office365.jpg","type":"","width":"","height":""}],"twitter_card":"summary_large_image","schema":{"@context":"https:\/\/schema.org","@graph":[{"@type":"WebPage","@id":"https:\/\/www.office365brasil.com.br\/365blog\/comparativo-de-planos-1-e-2-das-solucoes-do-office-365\/","url":"https:\/\/www.office365brasil.com.br\/365blog\/comparativo-de-planos-1-e-2-das-solucoes-do-office-365\/","name":"Comparando Planos 1 e 2 das Solu\u00e7\u00f5es do Office 365 para empresas","isPartOf":{"@id":"https:\/\/www.office365brasil.com.br\/365blog\/#website"},"primaryImageOfPage":{"@id":"https:\/\/www.office365brasil.com.br\/365blog\/comparativo-de-planos-1-e-2-das-solucoes-do-office-365\/#primaryimage"},"image":{"@id":"https:\/\/www.office365brasil.com.br\/365blog\/comparativo-de-planos-1-e-2-das-solucoes-do-office-365\/#primaryimage"},"thumbnailUrl":"https:\/\/www.office365brasil.com.br\/365blog\/wp-content\/uploads\/2012\/04\/planos_office365.jpg","datePublished":"2012-04-13T19:39:56+00:00","dateModified":"2014-03-15T23:41:00+00:00","description":"Comparando as diferen\u00e7as entre os planos 1 e 2 das solu\u00e7\u00f5es que fazem parte do office 365 para empresas. Veja os comparativos e descubra a melhor op\u00e7\u00e3o.","breadcrumb":{"@id":"https:\/\/www.office365brasil.com.br\/365blog\/comparativo-de-planos-1-e-2-das-solucoes-do-office-365\/#breadcrumb"},"inLanguage":"pt-BR","potentialAction":[{"@type":"ReadAction","target":["https:\/\/www.office365brasil.com.br\/365blog\/comparativo-de-planos-1-e-2-das-solucoes-do-office-365\/"]}]},{"@type":"ImageObject","inLanguage":"pt-BR","@id":"https:\/\/www.office365brasil.com.br\/365blog\/comparativo-de-planos-1-e-2-das-solucoes-do-office-365\/#primaryimage","url":"https:\/\/www.office365brasil.com.br\/365blog\/wp-content\/uploads\/2012\/04\/planos_office365.jpg","contentUrl":"https:\/\/www.office365brasil.com.br\/365blog\/wp-content\/uploads\/2012\/04\/planos_office365.jpg"},{"@type":"BreadcrumbList","@id":"https:\/\/www.office365brasil.com.br\/365blog\/comparativo-de-planos-1-e-2-das-solucoes-do-office-365\/#breadcrumb","itemListElement":[{"@type":"ListItem","position":1,"name":"Home","item":"https:\/\/www.office365brasil.com.br\/365blog\/"},{"@type":"ListItem","position":2,"name":"Comparativo de Planos 1 e 2 das Solu\u00e7\u00f5es do Office 365"}]},{"@type":"WebSite","@id":"https:\/\/www.office365brasil.com.br\/365blog\/#website","url":"https:\/\/www.office365brasil.com.br\/365blog\/","name":"365Brasil Blog - Novidades sobre o Microsoft 365","description":"Novidades e artigos relacionados sobre o Microsoft 365","publisher":{"@id":"https:\/\/www.office365brasil.com.br\/365blog\/#organization"},"potentialAction":[{"@type":"SearchAction","target":{"@type":"EntryPoint","urlTemplate":"https:\/\/www.office365brasil.com.br\/365blog\/?s={search_term_string}"},"query-input":{"@type":"PropertyValueSpecification","valueRequired":true,"valueName":"search_term_string"}}],"inLanguage":"pt-BR"},{"@type":"Organization","@id":"https:\/\/www.office365brasil.com.br\/365blog\/#organization","name":"365Brasil Blog - Novidades sobre o Microsoft 365","url":"https:\/\/www.office365brasil.com.br\/365blog\/","logo":{"@type":"ImageObject","inLanguage":"pt-BR","@id":"https:\/\/www.office365brasil.com.br\/365blog\/#\/schema\/logo\/image\/","url":"https:\/\/www.office365brasil.com.br\/365blog\/wp-content\/uploads\/2021\/04\/logo.png","contentUrl":"https:\/\/www.office365brasil.com.br\/365blog\/wp-content\/uploads\/2021\/04\/logo.png","width":318,"height":65,"caption":"365Brasil Blog - Novidades sobre o Microsoft 365"},"image":{"@id":"https:\/\/www.office365brasil.com.br\/365blog\/#\/schema\/logo\/image\/"}}]}},"_links":{"self":[{"href":"https:\/\/www.office365brasil.com.br\/365blog\/wp-json\/wp\/v2\/pages\/261","targetHints":{"allow":["GET"]}}],"collection":[{"href":"https:\/\/www.office365brasil.com.br\/365blog\/wp-json\/wp\/v2\/pages"}],"about":[{"href":"https:\/\/www.office365brasil.com.br\/365blog\/wp-json\/wp\/v2\/types\/page"}],"author":[{"embeddable":true,"href":"https:\/\/www.office365brasil.com.br\/365blog\/wp-json\/wp\/v2\/users\/2"}],"replies":[{"embeddable":true,"href":"https:\/\/www.office365brasil.com.br\/365blog\/wp-json\/wp\/v2\/comments?post=261"}],"version-history":[{"count":3,"href":"https:\/\/www.office365brasil.com.br\/365blog\/wp-json\/wp\/v2\/pages\/261\/revisions"}],"predecessor-version":[{"id":1480,"href":"https:\/\/www.office365brasil.com.br\/365blog\/wp-json\/wp\/v2\/pages\/261\/revisions\/1480"}],"wp:attachment":[{"href":"https:\/\/www.office365brasil.com.br\/365blog\/wp-json\/wp\/v2\/media?parent=261"}],"curies":[{"name":"wp","href":"https:\/\/api.w.org\/{rel}","templated":true}]}}