{"id":3882,"date":"2021-12-16T10:49:00","date_gmt":"2021-12-16T10:49:00","guid":{"rendered":"https:\/\/www.office365brasil.com.br\/365blog\/?page_id=3882"},"modified":"2022-05-05T20:53:21","modified_gmt":"2022-05-05T20:53:21","slug":"smtp-relay-office-365","status":"publish","type":"page","link":"https:\/\/www.office365brasil.com.br\/365blog\/smtp-relay-office-365\/","title":{"rendered":"SMTP relay para Office 365"},"content":{"rendered":"\n<p>Muitas&nbsp;empresas precisam de um servi\u00e7o de e-mail para aplicativos e hardware que precisa enviar mensagens para endere\u00e7os tanto internos quanto externos a organiza\u00e7\u00e3o. <br><br>Em alguns casos \u00e9 necess\u00e1rio configurar um SMTP Relay que \u00e9 um dos 3 m\u00e9todos poss\u00edveis segundo a Microsoft para o envio de mensagens a partir de endere\u00e7os que estejam no Office 365.<\/p>\n\n\n\n<p>Os m\u00e9todos definidos s\u00e3o os seguintes segundo o <a title=\"SMTP Relay\" href=\"http:\/\/technet.microsoft.com\/pt-br\/library\/dn554323(v=exchg.150).aspx\" target=\"_blank\" rel=\"noopener\">artigo oficial<\/a>:<\/p>\n\n\n\n<ul class=\"wp-block-list\"><li style=\"color: #2a2a2a;\"><strong>Retransmiss\u00e3o de SMTP(SMTP Relay)<\/strong>&nbsp;Este m\u00e9todo \u00e9 usado para enviar um email da organiza\u00e7\u00e3o por meio da autentica\u00e7\u00e3o do endere\u00e7o IP ou do certificado do remetente. Qualquer endere\u00e7o de email (incluindo caixas de correio que n\u00e3o sejam do Office 365) poder\u00e1 enviar emails usando um SMTP Relay Office 365, desde que utilize um dom\u00ednio configurado como seu no Office 365.<\/li><li style=\"color: #2a2a2a;\"><strong>Envio SMTP do cliente<\/strong>&nbsp;O envio de SMTP permite que seu dispositivo ou o aplicativo LOB envie emails usando um endere\u00e7o de email associado a uma caixa de correio do Office 365 por meio da autentica\u00e7\u00e3o dessa conta. Cada dispositivo poder\u00e1 ter seu pr\u00f3prio endere\u00e7o de remetente ou todos os dispositivos poder\u00e3o usar um endere\u00e7o como impressora@seudominio.com.<\/li><li style=\"color: #2a2a2a;\"><strong>Envio Direto<\/strong>&nbsp;Este m\u00e9todo poder\u00e1 ser usado se o dispositivo ou o aplicativo LOB for capaz de enviar emails por si pr\u00f3prio. Nesse caso, o dispositivo ou o aplicativo LOB n\u00e3o usar\u00e1 o Office 365 para enviar o email, mas as mensagens ser\u00e3o recebidas pelo Office 365 para entrega \u00e0s suas contas do Office 365.<\/li><\/ul>\n\n\n\n<p>O segundo e terceiro m\u00e9todos s\u00e3o usuais mas infelizmente n\u00e3o est\u00e3o sempre dispon\u00edveis para todas as aplica\u00e7\u00f5es ou dispositivos que precisam enviar mensagens.<\/p>\n\n\n\n<p>O primeiro m\u00e9todo que envolve a configura\u00e7\u00e3o de um SMTP Relay &nbsp;uma certa complexidade que pode inclusive envolver o uso de um servidor f\u00edsico para que um aplicativo ou dispositivo possa enviar mensagens.<\/p>\n\n\n\n<h2 class=\"wp-block-heading\">Alternativa ao SMTP Relay Office 365<\/h2>\n\n\n\n<p>A <strong>CloudExperts Consultoria<\/strong> reconhece que a cria\u00e7\u00e3o de um SMTP Relay Office 365 pode ser um empecilho para alguns clientes que precisam configurar seus aplicativos e dispositivos para o envio de e-mails transacionais. Principalmente para empresas aonde n\u00e3o existe a possibilidade de um servidor local para tal implementa\u00e7\u00e3o.<\/p>\n\n\n\n<p>Para isso fornecemos <strong>sem custos adicionais<\/strong> a todos os nossos clientes um servi\u00e7o de SMTP em nuvem com SLA de 99.9% que permite em passos simples permitir o envio de mensagens usando seu pr\u00f3prio dom\u00ednio at\u00e9 2000 mil mensagens por m\u00eas.<\/p>\n\n\n\n<p>Para ter acesso a este recurso entre em contato conosco hoje mesmo e verifique como utilizar mais este benef\u00edcio exclusivo fornecido pela <a title=\"CloudExperts \" href=\"http:\/\/www.cloudexperts.com.br\/\">CloudExperts Consultoria<\/a>.<\/p>\n\n\n\n<p><strong>IMPORTANTE:<\/strong> Para ter acesso a este beneficio \u00e9 necess\u00e1rio ter contratado o<strong> Microsoft 365 conosco via CSP ou outro modelo<\/strong>. N\u00e3o dispon\u00edvel para revendas e parceiros Microsoft, clientes Microsoft 365 via site, UOL, Etc&#8230; Planos educacionais gratuitos como A2 e qualquer planos sem custos est\u00e3o exclu\u00eddos do acesso ao servi\u00e7o.<\/p>\n\n\n\n<h2 class=\"wp-block-heading\">SMTP para Microsoft 365<\/h2>\n\n\n\n<p>Oferecemos tamb\u00e9m o mesmo servi\u00e7o de SMTP para o Microsoft baseado em contrata\u00e7\u00e3o mensal.<\/p>\n\n\n\n<p>O valor \u00e9 de <strong>R$25,00 \/ m\u00eas<\/strong> para at\u00e9 2000 mil mensagens. Com total suporte para aplica\u00e7\u00f5es e hardware que trabalha com o protocolo de envio.<\/p>\n\n\n\n<p>S\u00f3 vale ressaltar que esse servi\u00e7o n\u00e3o se destina ao uso de e-mail marketing.<br><br>Principais caracter\u00edsticas desse servi\u00e7o:<\/p>\n\n\n\n<ul class=\"wp-block-list\"><li><strong>SLA de 99.9% de disponibilidade<\/strong><\/li><li><strong>&#8220;Entregabilidade&#8221; avan\u00e7ada para aplica\u00e7\u00f5es e hardware compat\u00edvel<\/strong><\/li><li><strong>R\u00e1pida configura\u00e7\u00e3o com valida\u00e7\u00e3o DKIM<\/strong><\/li><li><strong>Pre\u00e7o justo e competitivo<\/strong><\/li><\/ul>\n\n\n\n<p>Quer saber mais sobre esse servi\u00e7os.&nbsp;<\/p>\n\n\n\n<p><a href=\"https:\/\/forms.office.com\/r\/mgRCswkMA2\"><strong>CLIQUE AQUI<\/strong> <\/a>e envie uma mensagem para falar com a gente.\u00a0<\/p>\n<!-- AddThis Advanced Settings generic via filter on the_content --><!-- AddThis Share Buttons generic via filter on the_content -->","protected":false},"excerpt":{"rendered":"<p>Muitas&nbsp;empresas precisam de um servi\u00e7o de e-mail para aplicativos e hardware que precisa enviar mensagens para endere\u00e7os tanto internos quanto<!-- AddThis Advanced Settings generic via filter on wp_trim_excerpt --><!-- AddThis Share Buttons generic via filter on wp_trim_excerpt --><\/p>\n","protected":false},"author":2,"featured_media":7347,"parent":0,"menu_order":0,"comment_status":"open","ping_status":"open","template":"","meta":{"colormag_page_container_layout":"default_layout","colormag_page_sidebar_layout":"default_layout","footnotes":""},"class_list":["post-3882","page","type-page","status-publish","has-post-thumbnail","hentry"],"yoast_head":"<!-- This site is optimized with the Yoast SEO plugin v27.2 - https:\/\/yoast.com\/product\/yoast-seo-wordpress\/ -->\n<title>SMTP relay Office 365 - Configura\u00e7\u00e3o alternativa<\/title>\n<meta name=\"description\" content=\"Um SMTP relay Office 365 \u00e9 um dos m\u00e9todos de configura\u00e7\u00e3o para envio de mensagens de aplica\u00e7\u00f5es e dispositivos em dom\u00ednios que est\u00e3o .\" \/>\n<meta name=\"robots\" content=\"index, follow, max-snippet:-1, max-image-preview:large, max-video-preview:-1\" \/>\n<link rel=\"canonical\" href=\"https:\/\/www.office365brasil.com.br\/365blog\/smtp-relay-office-365\/\" \/>\n<meta property=\"og:locale\" content=\"pt_BR\" \/>\n<meta property=\"og:type\" content=\"article\" \/>\n<meta property=\"og:title\" content=\"SMTP Relay para uso no Microsoft 365\" \/>\n<meta property=\"og:description\" content=\"Conhe\u00e7a nossa solu\u00e7\u00e3o alternativa ao uso do SMTP Relay no seu ambiente do Microsoft 365 ou Exchange Online. Uma solu\u00e7\u00e3o pr\u00e1tica e eficiente.\" \/>\n<meta property=\"og:url\" content=\"https:\/\/www.office365brasil.com.br\/365blog\/smtp-relay-office-365\/\" \/>\n<meta property=\"og:site_name\" content=\"365Brasil Blog - Novidades sobre o Microsoft 365\" \/>\n<meta property=\"article:modified_time\" content=\"2022-05-05T20:53:21+00:00\" \/>\n<meta property=\"og:image\" content=\"https:\/\/www.office365brasil.com.br\/365blog\/wp-content\/uploads\/2021\/12\/smtp-relay-microsoft.png\" \/>\n\t<meta property=\"og:image:width\" content=\"960\" \/>\n\t<meta property=\"og:image:height\" content=\"640\" \/>\n\t<meta property=\"og:image:type\" content=\"image\/png\" \/>\n<meta name=\"twitter:card\" content=\"summary_large_image\" \/>\n<meta name=\"twitter:label1\" content=\"Est. tempo de leitura\" \/>\n\t<meta name=\"twitter:data1\" content=\"4 minutos\" \/>\n<script type=\"application\/ld+json\" class=\"yoast-schema-graph\">{\"@context\":\"https:\/\/schema.org\",\"@graph\":[{\"@type\":\"WebPage\",\"@id\":\"https:\/\/www.office365brasil.com.br\/365blog\/smtp-relay-office-365\/\",\"url\":\"https:\/\/www.office365brasil.com.br\/365blog\/smtp-relay-office-365\/\",\"name\":\"SMTP relay Office 365 - Configura\u00e7\u00e3o alternativa\",\"isPartOf\":{\"@id\":\"https:\/\/www.office365brasil.com.br\/365blog\/#website\"},\"primaryImageOfPage\":{\"@id\":\"https:\/\/www.office365brasil.com.br\/365blog\/smtp-relay-office-365\/#primaryimage\"},\"image\":{\"@id\":\"https:\/\/www.office365brasil.com.br\/365blog\/smtp-relay-office-365\/#primaryimage\"},\"thumbnailUrl\":\"https:\/\/www.office365brasil.com.br\/365blog\/wp-content\/uploads\/2021\/12\/smtp-relay-microsoft.png\",\"datePublished\":\"2021-12-16T10:49:00+00:00\",\"dateModified\":\"2022-05-05T20:53:21+00:00\",\"description\":\"Um SMTP relay Office 365 \u00e9 um dos m\u00e9todos de configura\u00e7\u00e3o para envio de mensagens de aplica\u00e7\u00f5es e dispositivos em dom\u00ednios que est\u00e3o .\",\"breadcrumb\":{\"@id\":\"https:\/\/www.office365brasil.com.br\/365blog\/smtp-relay-office-365\/#breadcrumb\"},\"inLanguage\":\"pt-BR\",\"potentialAction\":[{\"@type\":\"ReadAction\",\"target\":[\"https:\/\/www.office365brasil.com.br\/365blog\/smtp-relay-office-365\/\"]}]},{\"@type\":\"ImageObject\",\"inLanguage\":\"pt-BR\",\"@id\":\"https:\/\/www.office365brasil.com.br\/365blog\/smtp-relay-office-365\/#primaryimage\",\"url\":\"https:\/\/www.office365brasil.com.br\/365blog\/wp-content\/uploads\/2021\/12\/smtp-relay-microsoft.png\",\"contentUrl\":\"https:\/\/www.office365brasil.com.br\/365blog\/wp-content\/uploads\/2021\/12\/smtp-relay-microsoft.png\",\"width\":960,\"height\":640,\"caption\":\"smtp relay office 365\"},{\"@type\":\"BreadcrumbList\",\"@id\":\"https:\/\/www.office365brasil.com.br\/365blog\/smtp-relay-office-365\/#breadcrumb\",\"itemListElement\":[{\"@type\":\"ListItem\",\"position\":1,\"name\":\"Home\",\"item\":\"https:\/\/www.office365brasil.com.br\/365blog\/\"},{\"@type\":\"ListItem\",\"position\":2,\"name\":\"SMTP relay para Office 365\"}]},{\"@type\":\"WebSite\",\"@id\":\"https:\/\/www.office365brasil.com.br\/365blog\/#website\",\"url\":\"https:\/\/www.office365brasil.com.br\/365blog\/\",\"name\":\"365Brasil Blog - Novidades sobre o Microsoft 365\",\"description\":\"Novidades e artigos relacionados sobre o Microsoft 365\",\"publisher\":{\"@id\":\"https:\/\/www.office365brasil.com.br\/365blog\/#organization\"},\"potentialAction\":[{\"@type\":\"SearchAction\",\"target\":{\"@type\":\"EntryPoint\",\"urlTemplate\":\"https:\/\/www.office365brasil.com.br\/365blog\/?s={search_term_string}\"},\"query-input\":{\"@type\":\"PropertyValueSpecification\",\"valueRequired\":true,\"valueName\":\"search_term_string\"}}],\"inLanguage\":\"pt-BR\"},{\"@type\":\"Organization\",\"@id\":\"https:\/\/www.office365brasil.com.br\/365blog\/#organization\",\"name\":\"365Brasil Blog - Novidades sobre o Microsoft 365\",\"url\":\"https:\/\/www.office365brasil.com.br\/365blog\/\",\"logo\":{\"@type\":\"ImageObject\",\"inLanguage\":\"pt-BR\",\"@id\":\"https:\/\/www.office365brasil.com.br\/365blog\/#\/schema\/logo\/image\/\",\"url\":\"https:\/\/www.office365brasil.com.br\/365blog\/wp-content\/uploads\/2021\/04\/logo.png\",\"contentUrl\":\"https:\/\/www.office365brasil.com.br\/365blog\/wp-content\/uploads\/2021\/04\/logo.png\",\"width\":318,\"height\":65,\"caption\":\"365Brasil Blog - Novidades sobre o Microsoft 365\"},\"image\":{\"@id\":\"https:\/\/www.office365brasil.com.br\/365blog\/#\/schema\/logo\/image\/\"}}]}<\/script>\n<!-- \/ Yoast SEO plugin. -->","yoast_head_json":{"title":"SMTP relay Office 365 - Configura\u00e7\u00e3o alternativa","description":"Um SMTP relay Office 365 \u00e9 um dos m\u00e9todos de configura\u00e7\u00e3o para envio de mensagens de aplica\u00e7\u00f5es e dispositivos em dom\u00ednios que est\u00e3o .","robots":{"index":"index","follow":"follow","max-snippet":"max-snippet:-1","max-image-preview":"max-image-preview:large","max-video-preview":"max-video-preview:-1"},"canonical":"https:\/\/www.office365brasil.com.br\/365blog\/smtp-relay-office-365\/","og_locale":"pt_BR","og_type":"article","og_title":"SMTP Relay para uso no Microsoft 365","og_description":"Conhe\u00e7a nossa solu\u00e7\u00e3o alternativa ao uso do SMTP Relay no seu ambiente do Microsoft 365 ou Exchange Online. Uma solu\u00e7\u00e3o pr\u00e1tica e eficiente.","og_url":"https:\/\/www.office365brasil.com.br\/365blog\/smtp-relay-office-365\/","og_site_name":"365Brasil Blog - Novidades sobre o Microsoft 365","article_modified_time":"2022-05-05T20:53:21+00:00","og_image":[{"width":960,"height":640,"url":"https:\/\/www.office365brasil.com.br\/365blog\/wp-content\/uploads\/2021\/12\/smtp-relay-microsoft.png","type":"image\/png"}],"twitter_card":"summary_large_image","twitter_misc":{"Est. tempo de leitura":"4 minutos"},"schema":{"@context":"https:\/\/schema.org","@graph":[{"@type":"WebPage","@id":"https:\/\/www.office365brasil.com.br\/365blog\/smtp-relay-office-365\/","url":"https:\/\/www.office365brasil.com.br\/365blog\/smtp-relay-office-365\/","name":"SMTP relay Office 365 - Configura\u00e7\u00e3o alternativa","isPartOf":{"@id":"https:\/\/www.office365brasil.com.br\/365blog\/#website"},"primaryImageOfPage":{"@id":"https:\/\/www.office365brasil.com.br\/365blog\/smtp-relay-office-365\/#primaryimage"},"image":{"@id":"https:\/\/www.office365brasil.com.br\/365blog\/smtp-relay-office-365\/#primaryimage"},"thumbnailUrl":"https:\/\/www.office365brasil.com.br\/365blog\/wp-content\/uploads\/2021\/12\/smtp-relay-microsoft.png","datePublished":"2021-12-16T10:49:00+00:00","dateModified":"2022-05-05T20:53:21+00:00","description":"Um SMTP relay Office 365 \u00e9 um dos m\u00e9todos de configura\u00e7\u00e3o para envio de mensagens de aplica\u00e7\u00f5es e dispositivos em dom\u00ednios que est\u00e3o .","breadcrumb":{"@id":"https:\/\/www.office365brasil.com.br\/365blog\/smtp-relay-office-365\/#breadcrumb"},"inLanguage":"pt-BR","potentialAction":[{"@type":"ReadAction","target":["https:\/\/www.office365brasil.com.br\/365blog\/smtp-relay-office-365\/"]}]},{"@type":"ImageObject","inLanguage":"pt-BR","@id":"https:\/\/www.office365brasil.com.br\/365blog\/smtp-relay-office-365\/#primaryimage","url":"https:\/\/www.office365brasil.com.br\/365blog\/wp-content\/uploads\/2021\/12\/smtp-relay-microsoft.png","contentUrl":"https:\/\/www.office365brasil.com.br\/365blog\/wp-content\/uploads\/2021\/12\/smtp-relay-microsoft.png","width":960,"height":640,"caption":"smtp relay office 365"},{"@type":"BreadcrumbList","@id":"https:\/\/www.office365brasil.com.br\/365blog\/smtp-relay-office-365\/#breadcrumb","itemListElement":[{"@type":"ListItem","position":1,"name":"Home","item":"https:\/\/www.office365brasil.com.br\/365blog\/"},{"@type":"ListItem","position":2,"name":"SMTP relay para Office 365"}]},{"@type":"WebSite","@id":"https:\/\/www.office365brasil.com.br\/365blog\/#website","url":"https:\/\/www.office365brasil.com.br\/365blog\/","name":"365Brasil Blog - Novidades sobre o Microsoft 365","description":"Novidades e artigos relacionados sobre o Microsoft 365","publisher":{"@id":"https:\/\/www.office365brasil.com.br\/365blog\/#organization"},"potentialAction":[{"@type":"SearchAction","target":{"@type":"EntryPoint","urlTemplate":"https:\/\/www.office365brasil.com.br\/365blog\/?s={search_term_string}"},"query-input":{"@type":"PropertyValueSpecification","valueRequired":true,"valueName":"search_term_string"}}],"inLanguage":"pt-BR"},{"@type":"Organization","@id":"https:\/\/www.office365brasil.com.br\/365blog\/#organization","name":"365Brasil Blog - Novidades sobre o Microsoft 365","url":"https:\/\/www.office365brasil.com.br\/365blog\/","logo":{"@type":"ImageObject","inLanguage":"pt-BR","@id":"https:\/\/www.office365brasil.com.br\/365blog\/#\/schema\/logo\/image\/","url":"https:\/\/www.office365brasil.com.br\/365blog\/wp-content\/uploads\/2021\/04\/logo.png","contentUrl":"https:\/\/www.office365brasil.com.br\/365blog\/wp-content\/uploads\/2021\/04\/logo.png","width":318,"height":65,"caption":"365Brasil Blog - Novidades sobre o Microsoft 365"},"image":{"@id":"https:\/\/www.office365brasil.com.br\/365blog\/#\/schema\/logo\/image\/"}}]}},"_links":{"self":[{"href":"https:\/\/www.office365brasil.com.br\/365blog\/wp-json\/wp\/v2\/pages\/3882","targetHints":{"allow":["GET"]}}],"collection":[{"href":"https:\/\/www.office365brasil.com.br\/365blog\/wp-json\/wp\/v2\/pages"}],"about":[{"href":"https:\/\/www.office365brasil.com.br\/365blog\/wp-json\/wp\/v2\/types\/page"}],"author":[{"embeddable":true,"href":"https:\/\/www.office365brasil.com.br\/365blog\/wp-json\/wp\/v2\/users\/2"}],"replies":[{"embeddable":true,"href":"https:\/\/www.office365brasil.com.br\/365blog\/wp-json\/wp\/v2\/comments?post=3882"}],"version-history":[{"count":18,"href":"https:\/\/www.office365brasil.com.br\/365blog\/wp-json\/wp\/v2\/pages\/3882\/revisions"}],"predecessor-version":[{"id":7433,"href":"https:\/\/www.office365brasil.com.br\/365blog\/wp-json\/wp\/v2\/pages\/3882\/revisions\/7433"}],"wp:featuredmedia":[{"embeddable":true,"href":"https:\/\/www.office365brasil.com.br\/365blog\/wp-json\/wp\/v2\/media\/7347"}],"wp:attachment":[{"href":"https:\/\/www.office365brasil.com.br\/365blog\/wp-json\/wp\/v2\/media?parent=3882"}],"curies":[{"name":"wp","href":"https:\/\/api.w.org\/{rel}","templated":true}]}}