{"id":4074,"date":"2014-09-16T14:19:46","date_gmt":"2014-09-16T14:19:46","guid":{"rendered":"https:\/\/www.office365brasil.com.br\/365blog\/?page_id=4074"},"modified":"2014-09-16T14:19:46","modified_gmt":"2014-09-16T14:19:46","slug":"smartphone-nokia-lumia-520","status":"publish","type":"page","link":"https:\/\/www.office365brasil.com.br\/365blog\/smartphone-nokia-lumia-520\/","title":{"rendered":"Smartphone Nokia Lumia 520"},"content":{"rendered":"<p><a href=\"https:\/\/www.office365brasil.com.br\/365blog\/wp-content\/uploads\/2014\/09\/lumia-520.jpg\"><img loading=\"lazy\" decoding=\"async\" class=\"alignnone size-full wp-image-4075\" src=\"https:\/\/www.office365brasil.com.br\/365blog\/wp-content\/uploads\/2014\/09\/lumia-520.jpg\" alt=\"lumia 520\" width=\"600\" height=\"200\" srcset=\"https:\/\/www.office365brasil.com.br\/365blog\/wp-content\/uploads\/2014\/09\/lumia-520.jpg 600w, https:\/\/www.office365brasil.com.br\/365blog\/wp-content\/uploads\/2014\/09\/lumia-520-300x100.jpg 300w\" sizes=\"auto, (max-width: 600px) 100vw, 600px\" \/><\/a><\/p>\n<p>O Smartphone <strong>Nokia Lumia 520<\/strong> \u00e9 um aparelho com a qualidade inquestion\u00e1vel da Nokia e com o Windows Phone 8.1. Trazendo para o range de smartphones da Microsoft um equipamento com \u00f3timo custo benef\u00edcio. \u00a0O Lumia\u00a0520\u00a0possui todas as principais aplica\u00e7\u00f5es Windows Phone prontas para que voc\u00ea utilize tanto para uso pessoal como tamb\u00e9m corporativo dado ao suporte a tecnologias como o\u00a0Exchange ActiveSync, Lync e SharePoint.<\/p>\n<p>Com o 520 voc\u00ea tem acesso as aplica\u00e7\u00f5es necess\u00e1rias para uso completo do Office 365 em um ambiente de empresas. Aplica\u00e7\u00f5es como:<\/p>\n<p><strong>Exchange Online &#8211;<\/strong> Com o Nokia Lumia 520 voc\u00ea pode se conectar a\u00a0sua conta corporativa para\u00a0sincronizar e-mails, contatos, calend\u00e1rios e tarefas.<\/p>\n<p><strong>Lync Online &#8211;<\/strong> O aplicativo Lync 2013 para Windows Phone permite a voc\u00ea se comunicar em tempo real via mensagens, voz e v\u00eddeo, al\u00e9m de tamb\u00e9m poder participar de reuni\u00f5es online.<\/p>\n<p><strong>SharePoint Online<\/strong> &#8211; Gra\u00e7as a sua integra\u00e7\u00e3o perfeita com o SharePoint voc\u00ea tamb\u00e9m pode visualizar sites e intranets e ainda ver e editar documentos armazenados tamb\u00e9m no OneDrive for Business.<\/p>\n<p><strong>Office Mobile<\/strong> &#8211; As vers\u00f5es m\u00f3veis do Word, Excel, PowerPoint e OneNote j\u00e1 integradas ao seu Lumia 520 ir\u00e3o permitir capacidades m\u00f3veis de cria\u00e7\u00e3o, edi\u00e7\u00e3o e visualiza\u00e7\u00e3o de documentos nestes formatos.<\/p>\n<h2>Especifica\u00e7\u00f5es essenciais do Nokia Lumia 520<\/h2>\n<p>O Nokia Lumia 520 \u00e9 um \u00f3timo smartphone para usu\u00e1rios e empresas que precisam de recursos de produtividade m\u00f3vel sem comprometer a seguran\u00e7a da informa\u00e7\u00f5es de neg\u00f3cios.<\/p>\n<p>Tamanho da tela: 4 &#8221;<br \/>\nTecnologia da tela: LCD IPS<br \/>\nTecnologia de tela: Tela supersens\u00edvel ao toque<br \/>\nNome do processador: Qualcomm Snapdragon\u2122 S4<br \/>\nTempo m\u00e1ximo de conversa\u00e7\u00e3o 3G: 9,7h<br \/>\nAplicativos de neg\u00f3cios: Download gratuito do Lync (Corporate IM), Company Hub para aplicativos corporativos, Aplicativos Office: Excel, Word, PowerPoint, OneNote, Armazenamento OneDrive para documentos e notas, Download gratuito do Adobe Reader<\/p>\n<p>Para uma lista completa das especifica\u00e7\u00f5es do Lumia 520 <a title=\"Especifica\u00e7\u00f5es Lumia 520\" href=\"http:\/\/www.nokia.com\/br-pt\/produtos\/celular\/lumia520\/especificacoes\/\" target=\"_blank\">visite este endere\u00e7o<\/a>.<\/p>\n<h2>Comprar o Smartphone Nokia Lumia 520<\/h2>\n<p><a href=\"http:\/\/oferta.vc\/4vJi\"><img loading=\"lazy\" decoding=\"async\" class=\"alignnone wp-image-4076 size-full\" src=\"https:\/\/www.office365brasil.com.br\/365blog\/wp-content\/uploads\/2014\/09\/comprar-lumia-520.gif\" alt=\"\" width=\"600\" height=\"60\" \/><\/a><\/p>\n<h2>Compra por volume do Smartphone Nokia Lumia 520<\/h2>\n<p>Caso tenha interesse em adquirir acima de 5 unidades do Lumia 520 para sua empresa entre em contato conosco atrav\u00e9s do formul\u00e1rio de contato abaixo solicitando uma cota\u00e7\u00e3o:<\/p>\n<p class=\"wpcf7-contact-form-not-found\"><strong>Erro:<\/strong> Formul\u00e1rio de contato n\u00e3o encontrado.<\/p>\n<!-- AddThis Advanced Settings generic via filter on the_content --><!-- AddThis Share Buttons generic via filter on the_content -->","protected":false},"excerpt":{"rendered":"<p>O Smartphone Nokia Lumia 520 \u00e9 um aparelho com a qualidade inquestion\u00e1vel da Nokia e com o Windows Phone 8.1.<!-- AddThis Advanced Settings generic via filter on wp_trim_excerpt --><!-- AddThis Share Buttons generic via filter on wp_trim_excerpt --><\/p>\n","protected":false},"author":2,"featured_media":0,"parent":0,"menu_order":0,"comment_status":"open","ping_status":"open","template":"","meta":{"colormag_page_container_layout":"default_layout","colormag_page_sidebar_layout":"default_layout","footnotes":""},"class_list":["post-4074","page","type-page","status-publish","hentry"],"yoast_head":"<!-- This site is optimized with the Yoast SEO plugin v27.2 - https:\/\/yoast.com\/product\/yoast-seo-wordpress\/ -->\n<title>Lumia 520 Smartphone Nokia - Vis\u00e3o Geral e compra<\/title>\n<meta name=\"description\" content=\"O Smartphone Nokia Lumia 520 \u00e9 um aparelho de entrada ideal para usu\u00e1rios finais e corporativos que precisam de acesso a recursos de produtividade m\u00f3vel.\" \/>\n<meta name=\"robots\" content=\"index, follow, max-snippet:-1, max-image-preview:large, max-video-preview:-1\" \/>\n<link rel=\"canonical\" href=\"https:\/\/www.office365brasil.com.br\/365blog\/smartphone-nokia-lumia-520\/\" \/>\n<meta property=\"og:locale\" content=\"pt_BR\" \/>\n<meta property=\"og:type\" content=\"article\" \/>\n<meta property=\"og:title\" content=\"Lumia 520 Smartphone Nokia - Vis\u00e3o Geral e compra\" \/>\n<meta property=\"og:description\" content=\"O Smartphone Nokia Lumia 520 \u00e9 um aparelho de entrada ideal para usu\u00e1rios finais e corporativos que precisam de acesso a recursos de produtividade m\u00f3vel.\" \/>\n<meta property=\"og:url\" content=\"https:\/\/www.office365brasil.com.br\/365blog\/smartphone-nokia-lumia-520\/\" \/>\n<meta property=\"og:site_name\" content=\"365Brasil Blog - Novidades sobre o Microsoft 365\" \/>\n<meta property=\"og:image\" content=\"https:\/\/www.office365brasil.com.br\/365blog\/wp-content\/uploads\/2014\/09\/lumia-520.jpg\" \/>\n<meta name=\"twitter:card\" content=\"summary_large_image\" \/>\n<meta name=\"twitter:label1\" content=\"Est. tempo de leitura\" \/>\n\t<meta name=\"twitter:data1\" content=\"2 minutos\" \/>\n<script type=\"application\/ld+json\" class=\"yoast-schema-graph\">{\"@context\":\"https:\/\/schema.org\",\"@graph\":[{\"@type\":\"WebPage\",\"@id\":\"https:\/\/www.office365brasil.com.br\/365blog\/smartphone-nokia-lumia-520\/\",\"url\":\"https:\/\/www.office365brasil.com.br\/365blog\/smartphone-nokia-lumia-520\/\",\"name\":\"Lumia 520 Smartphone Nokia - Vis\u00e3o Geral e compra\",\"isPartOf\":{\"@id\":\"https:\/\/www.office365brasil.com.br\/365blog\/#website\"},\"primaryImageOfPage\":{\"@id\":\"https:\/\/www.office365brasil.com.br\/365blog\/smartphone-nokia-lumia-520\/#primaryimage\"},\"image\":{\"@id\":\"https:\/\/www.office365brasil.com.br\/365blog\/smartphone-nokia-lumia-520\/#primaryimage\"},\"thumbnailUrl\":\"https:\/\/www.office365brasil.com.br\/365blog\/wp-content\/uploads\/2014\/09\/lumia-520.jpg\",\"datePublished\":\"2014-09-16T14:19:46+00:00\",\"description\":\"O Smartphone Nokia Lumia 520 \u00e9 um aparelho de entrada ideal para usu\u00e1rios finais e corporativos que precisam de acesso a recursos de produtividade m\u00f3vel.\",\"breadcrumb\":{\"@id\":\"https:\/\/www.office365brasil.com.br\/365blog\/smartphone-nokia-lumia-520\/#breadcrumb\"},\"inLanguage\":\"pt-BR\",\"potentialAction\":[{\"@type\":\"ReadAction\",\"target\":[\"https:\/\/www.office365brasil.com.br\/365blog\/smartphone-nokia-lumia-520\/\"]}]},{\"@type\":\"ImageObject\",\"inLanguage\":\"pt-BR\",\"@id\":\"https:\/\/www.office365brasil.com.br\/365blog\/smartphone-nokia-lumia-520\/#primaryimage\",\"url\":\"https:\/\/www.office365brasil.com.br\/365blog\/wp-content\/uploads\/2014\/09\/lumia-520.jpg\",\"contentUrl\":\"https:\/\/www.office365brasil.com.br\/365blog\/wp-content\/uploads\/2014\/09\/lumia-520.jpg\",\"width\":600,\"height\":200,\"caption\":\"lumia 520\"},{\"@type\":\"BreadcrumbList\",\"@id\":\"https:\/\/www.office365brasil.com.br\/365blog\/smartphone-nokia-lumia-520\/#breadcrumb\",\"itemListElement\":[{\"@type\":\"ListItem\",\"position\":1,\"name\":\"Home\",\"item\":\"https:\/\/www.office365brasil.com.br\/365blog\/\"},{\"@type\":\"ListItem\",\"position\":2,\"name\":\"Smartphone Nokia Lumia 520\"}]},{\"@type\":\"WebSite\",\"@id\":\"https:\/\/www.office365brasil.com.br\/365blog\/#website\",\"url\":\"https:\/\/www.office365brasil.com.br\/365blog\/\",\"name\":\"365Brasil Blog - Novidades sobre o Microsoft 365\",\"description\":\"Novidades e artigos relacionados sobre o Microsoft 365\",\"publisher\":{\"@id\":\"https:\/\/www.office365brasil.com.br\/365blog\/#organization\"},\"potentialAction\":[{\"@type\":\"SearchAction\",\"target\":{\"@type\":\"EntryPoint\",\"urlTemplate\":\"https:\/\/www.office365brasil.com.br\/365blog\/?s={search_term_string}\"},\"query-input\":{\"@type\":\"PropertyValueSpecification\",\"valueRequired\":true,\"valueName\":\"search_term_string\"}}],\"inLanguage\":\"pt-BR\"},{\"@type\":\"Organization\",\"@id\":\"https:\/\/www.office365brasil.com.br\/365blog\/#organization\",\"name\":\"365Brasil Blog - Novidades sobre o Microsoft 365\",\"url\":\"https:\/\/www.office365brasil.com.br\/365blog\/\",\"logo\":{\"@type\":\"ImageObject\",\"inLanguage\":\"pt-BR\",\"@id\":\"https:\/\/www.office365brasil.com.br\/365blog\/#\/schema\/logo\/image\/\",\"url\":\"https:\/\/www.office365brasil.com.br\/365blog\/wp-content\/uploads\/2021\/04\/logo.png\",\"contentUrl\":\"https:\/\/www.office365brasil.com.br\/365blog\/wp-content\/uploads\/2021\/04\/logo.png\",\"width\":318,\"height\":65,\"caption\":\"365Brasil Blog - Novidades sobre o Microsoft 365\"},\"image\":{\"@id\":\"https:\/\/www.office365brasil.com.br\/365blog\/#\/schema\/logo\/image\/\"}}]}<\/script>\n<!-- \/ Yoast SEO plugin. -->","yoast_head_json":{"title":"Lumia 520 Smartphone Nokia - Vis\u00e3o Geral e compra","description":"O Smartphone Nokia Lumia 520 \u00e9 um aparelho de entrada ideal para usu\u00e1rios finais e corporativos que precisam de acesso a recursos de produtividade m\u00f3vel.","robots":{"index":"index","follow":"follow","max-snippet":"max-snippet:-1","max-image-preview":"max-image-preview:large","max-video-preview":"max-video-preview:-1"},"canonical":"https:\/\/www.office365brasil.com.br\/365blog\/smartphone-nokia-lumia-520\/","og_locale":"pt_BR","og_type":"article","og_title":"Lumia 520 Smartphone Nokia - Vis\u00e3o Geral e compra","og_description":"O Smartphone Nokia Lumia 520 \u00e9 um aparelho de entrada ideal para usu\u00e1rios finais e corporativos que precisam de acesso a recursos de produtividade m\u00f3vel.","og_url":"https:\/\/www.office365brasil.com.br\/365blog\/smartphone-nokia-lumia-520\/","og_site_name":"365Brasil Blog - Novidades sobre o Microsoft 365","og_image":[{"url":"https:\/\/www.office365brasil.com.br\/365blog\/wp-content\/uploads\/2014\/09\/lumia-520.jpg","type":"","width":"","height":""}],"twitter_card":"summary_large_image","twitter_misc":{"Est. tempo de leitura":"2 minutos"},"schema":{"@context":"https:\/\/schema.org","@graph":[{"@type":"WebPage","@id":"https:\/\/www.office365brasil.com.br\/365blog\/smartphone-nokia-lumia-520\/","url":"https:\/\/www.office365brasil.com.br\/365blog\/smartphone-nokia-lumia-520\/","name":"Lumia 520 Smartphone Nokia - Vis\u00e3o Geral e compra","isPartOf":{"@id":"https:\/\/www.office365brasil.com.br\/365blog\/#website"},"primaryImageOfPage":{"@id":"https:\/\/www.office365brasil.com.br\/365blog\/smartphone-nokia-lumia-520\/#primaryimage"},"image":{"@id":"https:\/\/www.office365brasil.com.br\/365blog\/smartphone-nokia-lumia-520\/#primaryimage"},"thumbnailUrl":"https:\/\/www.office365brasil.com.br\/365blog\/wp-content\/uploads\/2014\/09\/lumia-520.jpg","datePublished":"2014-09-16T14:19:46+00:00","description":"O Smartphone Nokia Lumia 520 \u00e9 um aparelho de entrada ideal para usu\u00e1rios finais e corporativos que precisam de acesso a recursos de produtividade m\u00f3vel.","breadcrumb":{"@id":"https:\/\/www.office365brasil.com.br\/365blog\/smartphone-nokia-lumia-520\/#breadcrumb"},"inLanguage":"pt-BR","potentialAction":[{"@type":"ReadAction","target":["https:\/\/www.office365brasil.com.br\/365blog\/smartphone-nokia-lumia-520\/"]}]},{"@type":"ImageObject","inLanguage":"pt-BR","@id":"https:\/\/www.office365brasil.com.br\/365blog\/smartphone-nokia-lumia-520\/#primaryimage","url":"https:\/\/www.office365brasil.com.br\/365blog\/wp-content\/uploads\/2014\/09\/lumia-520.jpg","contentUrl":"https:\/\/www.office365brasil.com.br\/365blog\/wp-content\/uploads\/2014\/09\/lumia-520.jpg","width":600,"height":200,"caption":"lumia 520"},{"@type":"BreadcrumbList","@id":"https:\/\/www.office365brasil.com.br\/365blog\/smartphone-nokia-lumia-520\/#breadcrumb","itemListElement":[{"@type":"ListItem","position":1,"name":"Home","item":"https:\/\/www.office365brasil.com.br\/365blog\/"},{"@type":"ListItem","position":2,"name":"Smartphone Nokia Lumia 520"}]},{"@type":"WebSite","@id":"https:\/\/www.office365brasil.com.br\/365blog\/#website","url":"https:\/\/www.office365brasil.com.br\/365blog\/","name":"365Brasil Blog - Novidades sobre o Microsoft 365","description":"Novidades e artigos relacionados sobre o Microsoft 365","publisher":{"@id":"https:\/\/www.office365brasil.com.br\/365blog\/#organization"},"potentialAction":[{"@type":"SearchAction","target":{"@type":"EntryPoint","urlTemplate":"https:\/\/www.office365brasil.com.br\/365blog\/?s={search_term_string}"},"query-input":{"@type":"PropertyValueSpecification","valueRequired":true,"valueName":"search_term_string"}}],"inLanguage":"pt-BR"},{"@type":"Organization","@id":"https:\/\/www.office365brasil.com.br\/365blog\/#organization","name":"365Brasil Blog - Novidades sobre o Microsoft 365","url":"https:\/\/www.office365brasil.com.br\/365blog\/","logo":{"@type":"ImageObject","inLanguage":"pt-BR","@id":"https:\/\/www.office365brasil.com.br\/365blog\/#\/schema\/logo\/image\/","url":"https:\/\/www.office365brasil.com.br\/365blog\/wp-content\/uploads\/2021\/04\/logo.png","contentUrl":"https:\/\/www.office365brasil.com.br\/365blog\/wp-content\/uploads\/2021\/04\/logo.png","width":318,"height":65,"caption":"365Brasil Blog - Novidades sobre o Microsoft 365"},"image":{"@id":"https:\/\/www.office365brasil.com.br\/365blog\/#\/schema\/logo\/image\/"}}]}},"_links":{"self":[{"href":"https:\/\/www.office365brasil.com.br\/365blog\/wp-json\/wp\/v2\/pages\/4074","targetHints":{"allow":["GET"]}}],"collection":[{"href":"https:\/\/www.office365brasil.com.br\/365blog\/wp-json\/wp\/v2\/pages"}],"about":[{"href":"https:\/\/www.office365brasil.com.br\/365blog\/wp-json\/wp\/v2\/types\/page"}],"author":[{"embeddable":true,"href":"https:\/\/www.office365brasil.com.br\/365blog\/wp-json\/wp\/v2\/users\/2"}],"replies":[{"embeddable":true,"href":"https:\/\/www.office365brasil.com.br\/365blog\/wp-json\/wp\/v2\/comments?post=4074"}],"version-history":[{"count":1,"href":"https:\/\/www.office365brasil.com.br\/365blog\/wp-json\/wp\/v2\/pages\/4074\/revisions"}],"predecessor-version":[{"id":4077,"href":"https:\/\/www.office365brasil.com.br\/365blog\/wp-json\/wp\/v2\/pages\/4074\/revisions\/4077"}],"wp:attachment":[{"href":"https:\/\/www.office365brasil.com.br\/365blog\/wp-json\/wp\/v2\/media?parent=4074"}],"curies":[{"name":"wp","href":"https:\/\/api.w.org\/{rel}","templated":true}]}}