{"id":4114,"date":"2014-09-23T14:03:37","date_gmt":"2014-09-23T14:03:37","guid":{"rendered":"https:\/\/www.office365brasil.com.br\/365blog\/?page_id=4114"},"modified":"2014-09-26T20:03:45","modified_gmt":"2014-09-26T20:03:45","slug":"smartphone-nokia-lumia-1020","status":"publish","type":"page","link":"https:\/\/www.office365brasil.com.br\/365blog\/smartphone-nokia-lumia-1020\/","title":{"rendered":"Smartphone Nokia Lumia 1020"},"content":{"rendered":"<p><img loading=\"lazy\" decoding=\"async\" class=\"alignnone wp-image-4117 size-full\" src=\"https:\/\/www.office365brasil.com.br\/365blog\/wp-content\/uploads\/2014\/09\/lumia1020.jpg\" alt=\"Lumia 1020\" width=\"600\" height=\"200\" srcset=\"https:\/\/www.office365brasil.com.br\/365blog\/wp-content\/uploads\/2014\/09\/lumia1020.jpg 600w, https:\/\/www.office365brasil.com.br\/365blog\/wp-content\/uploads\/2014\/09\/lumia1020-300x100.jpg 300w\" sizes=\"auto, (max-width: 600px) 100vw, 600px\" \/><\/p>\n<p>O Smartphone <strong>Nokia Lumia 1020<\/strong> \u00e9 um aparelho com a qualidade inquestion\u00e1vel da Nokia e com o Windows Phone 8.1. \u00a0O Lumia 1020\u00a0possui todas as principais aplica\u00e7\u00f5es Windows Phone prontas para que voc\u00ea utilize tanto para uso pessoal como tamb\u00e9m corporativo dado ao suporte a tecnologias como o\u00a0Exchange ActiveSync, Lync e SharePoint.<\/p>\n<p>Com o 1020\u00a0voc\u00ea tem acesso as aplica\u00e7\u00f5es necess\u00e1rias para uso completo do Office 365 em um ambiente de empresas. Aplica\u00e7\u00f5es como:<\/p>\n<p><strong>Exchange Online &#8211;<\/strong> Com o Nokia Lumia 1020 voc\u00ea pode se conectar a\u00a0sua conta corporativa para\u00a0sincronizar e-mails, contatos, calend\u00e1rios e tarefas.<\/p>\n<p><strong>Lync Online &#8211;<\/strong> O aplicativo Lync 2013 para Windows Phone permite a voc\u00ea se comunicar em tempo real via mensagens, voz e v\u00eddeo, al\u00e9m de tamb\u00e9m poder participar de reuni\u00f5es online.<\/p>\n<p><strong>SharePoint Online<\/strong> &#8211; Gra\u00e7as a sua integra\u00e7\u00e3o perfeita com o SharePoint voc\u00ea tamb\u00e9m pode visualizar sites e intranets e ainda ver e editar documentos armazenados tamb\u00e9m no OneDrive for Business.<\/p>\n<p><strong>Office Mobile<\/strong> &#8211; As vers\u00f5es m\u00f3veis do Word, Excel, PowerPoint e OneNote j\u00e1 integradas ao seu Lumia 1020 ir\u00e3o permitir capacidades m\u00f3veis de cria\u00e7\u00e3o, edi\u00e7\u00e3o e visualiza\u00e7\u00e3o de documentos nestes formatos.<\/p>\n<h2>Especifica\u00e7\u00f5es essenciais do Nokia Lumia 1020<\/h2>\n<p>O Nokia Lumia 1020 \u00e9 um \u00f3timo smartphone para usu\u00e1rios e empresas que precisam de recursos de produtividade m\u00f3vel sem comprometer a seguran\u00e7a da informa\u00e7\u00f5es de neg\u00f3cios.<\/p>\n<p>Tamanho do sensor da c\u00e2mera principal: 41 MP, PureView<br \/>\nPMDM C\u00c2MERA DE SEGURAN\u00c7A: HD 1.2 MP grande-angular<br \/>\nTamanho da tela: 4,5&#8221;<br \/>\nTecnologia de tela: Tela supersens\u00edvel ao toque<br \/>\nNome do processador: Qualcomm Snapdragon\u2122 S4<br \/>\nTempo m\u00e1ximo de conversa\u00e7\u00e3o 3G: 13,3h<br \/>\nAplicativos de neg\u00f3cios: Download gratuito do Lync (Corporate IM), Company Hub para aplicativos corporativos, Aplicativos Office: Excel, Word, PowerPoint, OneNote, Armazenamento OneDrive para documentos e notas, Download gratuito do Adobe Reader<\/p>\n<p>Para uma lista completa das especifica\u00e7\u00f5es do Lumia 1020 <a title=\"Especifica\u00e7\u00f5es Lumia 1020\" href=\"http:\/\/www.nokia.com\/br-pt\/produtos\/celular\/lumia1020\/especificacoes\/\" target=\"_blank\">visite este endere\u00e7o<\/a>.<\/p>\n<h2>Comprar o Smartphone Nokia Lumia 1020<\/h2>\n<p><a title=\"Comprar Lumia 1020\" href=\"http:\/\/oferta.vc\/4EfA\"><img loading=\"lazy\" decoding=\"async\" class=\"alignnone wp-image-4116 size-full\" src=\"https:\/\/www.office365brasil.com.br\/365blog\/wp-content\/uploads\/2014\/09\/comprar-nokia1020.png\" alt=\"Nokia 1020\" width=\"600\" height=\"60\" srcset=\"https:\/\/www.office365brasil.com.br\/365blog\/wp-content\/uploads\/2014\/09\/comprar-nokia1020.png 600w, https:\/\/www.office365brasil.com.br\/365blog\/wp-content\/uploads\/2014\/09\/comprar-nokia1020-300x30.png 300w\" sizes=\"auto, (max-width: 600px) 100vw, 600px\" \/><\/a><\/p>\n<h2>Compra por volume do Smartphone Nokia Lumia 1020<\/h2>\n<p>Caso tenha interesse em adquirir acima de 5 unidades do Lumia 1020 para sua empresa entre em contato conosco atrav\u00e9s do formul\u00e1rio de contato abaixo solicitando uma cota\u00e7\u00e3o:<\/p>\n<p class=\"wpcf7-contact-form-not-found\"><strong>Erro:<\/strong> Formul\u00e1rio de contato n\u00e3o encontrado.<\/p>\n<!-- AddThis Advanced Settings generic via filter on the_content --><!-- AddThis Share Buttons generic via filter on the_content -->","protected":false},"excerpt":{"rendered":"<p>O Smartphone Nokia Lumia 1020 \u00e9 um aparelho com a qualidade inquestion\u00e1vel da Nokia e com o Windows Phone 8.1.<!-- AddThis Advanced Settings generic via filter on wp_trim_excerpt --><!-- AddThis Share Buttons generic via filter on wp_trim_excerpt --><\/p>\n","protected":false},"author":2,"featured_media":0,"parent":0,"menu_order":0,"comment_status":"open","ping_status":"open","template":"","meta":{"colormag_page_container_layout":"default_layout","colormag_page_sidebar_layout":"default_layout","footnotes":""},"class_list":["post-4114","page","type-page","status-publish","hentry"],"yoast_head":"<!-- This site is optimized with the Yoast SEO plugin v27.4 - https:\/\/yoast.com\/product\/yoast-seo-wordpress\/ -->\n<title>Lumia 1020 Smartphone Nokia - Vis\u00e3o Geral e compra<\/title>\n<meta name=\"description\" content=\"O Smartphone Nokia Lumia 1020 \u00e9 um aparelho ideal para usu\u00e1rios que precisam de acesso a recursos de produtividade m\u00f3vel com uma c\u00e2mera poderosa de 41MP.\" \/>\n<meta name=\"robots\" content=\"index, follow, max-snippet:-1, max-image-preview:large, max-video-preview:-1\" \/>\n<link rel=\"canonical\" href=\"https:\/\/www.office365brasil.com.br\/365blog\/smartphone-nokia-lumia-1020\/\" \/>\n<meta property=\"og:locale\" content=\"pt_BR\" \/>\n<meta property=\"og:type\" content=\"article\" \/>\n<meta property=\"og:title\" content=\"Lumia 1020 Smartphone Nokia - Vis\u00e3o Geral e compra\" \/>\n<meta property=\"og:description\" content=\"O Smartphone Nokia Lumia 1020 \u00e9 um aparelho ideal para usu\u00e1rios que precisam de acesso a recursos de produtividade m\u00f3vel com uma c\u00e2mera poderosa de 41MP.\" \/>\n<meta property=\"og:url\" content=\"https:\/\/www.office365brasil.com.br\/365blog\/smartphone-nokia-lumia-1020\/\" \/>\n<meta property=\"og:site_name\" content=\"365Brasil Blog - Novidades sobre o Microsoft 365\" \/>\n<meta property=\"article:modified_time\" content=\"2014-09-26T20:03:45+00:00\" \/>\n<meta property=\"og:image\" content=\"https:\/\/www.office365brasil.com.br\/365blog\/wp-content\/uploads\/2014\/09\/lumia1020.jpg\" \/>\n<meta name=\"twitter:card\" content=\"summary_large_image\" \/>\n<meta name=\"twitter:label1\" content=\"Est. tempo de leitura\" \/>\n\t<meta name=\"twitter:data1\" content=\"2 minutos\" \/>\n<script type=\"application\/ld+json\" class=\"yoast-schema-graph\">{\"@context\":\"https:\\\/\\\/schema.org\",\"@graph\":[{\"@type\":\"WebPage\",\"@id\":\"https:\\\/\\\/www.office365brasil.com.br\\\/365blog\\\/smartphone-nokia-lumia-1020\\\/\",\"url\":\"https:\\\/\\\/www.office365brasil.com.br\\\/365blog\\\/smartphone-nokia-lumia-1020\\\/\",\"name\":\"Lumia 1020 Smartphone Nokia - Vis\u00e3o Geral e compra\",\"isPartOf\":{\"@id\":\"https:\\\/\\\/www.office365brasil.com.br\\\/365blog\\\/#website\"},\"primaryImageOfPage\":{\"@id\":\"https:\\\/\\\/www.office365brasil.com.br\\\/365blog\\\/smartphone-nokia-lumia-1020\\\/#primaryimage\"},\"image\":{\"@id\":\"https:\\\/\\\/www.office365brasil.com.br\\\/365blog\\\/smartphone-nokia-lumia-1020\\\/#primaryimage\"},\"thumbnailUrl\":\"http:\\\/\\\/www.office365brasil.com.br\\\/365blog\\\/wp-content\\\/uploads\\\/2014\\\/09\\\/lumia1020.jpg\",\"datePublished\":\"2014-09-23T14:03:37+00:00\",\"dateModified\":\"2014-09-26T20:03:45+00:00\",\"description\":\"O Smartphone Nokia Lumia 1020 \u00e9 um aparelho ideal para usu\u00e1rios que precisam de acesso a recursos de produtividade m\u00f3vel com uma c\u00e2mera poderosa de 41MP.\",\"breadcrumb\":{\"@id\":\"https:\\\/\\\/www.office365brasil.com.br\\\/365blog\\\/smartphone-nokia-lumia-1020\\\/#breadcrumb\"},\"inLanguage\":\"pt-BR\",\"potentialAction\":[{\"@type\":\"ReadAction\",\"target\":[\"https:\\\/\\\/www.office365brasil.com.br\\\/365blog\\\/smartphone-nokia-lumia-1020\\\/\"]}]},{\"@type\":\"ImageObject\",\"inLanguage\":\"pt-BR\",\"@id\":\"https:\\\/\\\/www.office365brasil.com.br\\\/365blog\\\/smartphone-nokia-lumia-1020\\\/#primaryimage\",\"url\":\"https:\\\/\\\/www.office365brasil.com.br\\\/365blog\\\/wp-content\\\/uploads\\\/2014\\\/09\\\/lumia1020.jpg\",\"contentUrl\":\"https:\\\/\\\/www.office365brasil.com.br\\\/365blog\\\/wp-content\\\/uploads\\\/2014\\\/09\\\/lumia1020.jpg\",\"width\":600,\"height\":200,\"caption\":\"Lumia 1020\"},{\"@type\":\"BreadcrumbList\",\"@id\":\"https:\\\/\\\/www.office365brasil.com.br\\\/365blog\\\/smartphone-nokia-lumia-1020\\\/#breadcrumb\",\"itemListElement\":[{\"@type\":\"ListItem\",\"position\":1,\"name\":\"Home\",\"item\":\"https:\\\/\\\/www.office365brasil.com.br\\\/365blog\\\/\"},{\"@type\":\"ListItem\",\"position\":2,\"name\":\"Smartphone Nokia Lumia 1020\"}]},{\"@type\":\"WebSite\",\"@id\":\"https:\\\/\\\/www.office365brasil.com.br\\\/365blog\\\/#website\",\"url\":\"https:\\\/\\\/www.office365brasil.com.br\\\/365blog\\\/\",\"name\":\"365Brasil Blog - Novidades sobre o Microsoft 365\",\"description\":\"Novidades e artigos relacionados sobre o Microsoft 365\",\"publisher\":{\"@id\":\"https:\\\/\\\/www.office365brasil.com.br\\\/365blog\\\/#organization\"},\"potentialAction\":[{\"@type\":\"SearchAction\",\"target\":{\"@type\":\"EntryPoint\",\"urlTemplate\":\"https:\\\/\\\/www.office365brasil.com.br\\\/365blog\\\/?s={search_term_string}\"},\"query-input\":{\"@type\":\"PropertyValueSpecification\",\"valueRequired\":true,\"valueName\":\"search_term_string\"}}],\"inLanguage\":\"pt-BR\"},{\"@type\":\"Organization\",\"@id\":\"https:\\\/\\\/www.office365brasil.com.br\\\/365blog\\\/#organization\",\"name\":\"365Brasil Blog - Novidades sobre o Microsoft 365\",\"url\":\"https:\\\/\\\/www.office365brasil.com.br\\\/365blog\\\/\",\"logo\":{\"@type\":\"ImageObject\",\"inLanguage\":\"pt-BR\",\"@id\":\"https:\\\/\\\/www.office365brasil.com.br\\\/365blog\\\/#\\\/schema\\\/logo\\\/image\\\/\",\"url\":\"https:\\\/\\\/www.office365brasil.com.br\\\/365blog\\\/wp-content\\\/uploads\\\/2021\\\/04\\\/logo.png\",\"contentUrl\":\"https:\\\/\\\/www.office365brasil.com.br\\\/365blog\\\/wp-content\\\/uploads\\\/2021\\\/04\\\/logo.png\",\"width\":318,\"height\":65,\"caption\":\"365Brasil Blog - Novidades sobre o Microsoft 365\"},\"image\":{\"@id\":\"https:\\\/\\\/www.office365brasil.com.br\\\/365blog\\\/#\\\/schema\\\/logo\\\/image\\\/\"}}]}<\/script>\n<!-- \/ Yoast SEO plugin. -->","yoast_head_json":{"title":"Lumia 1020 Smartphone Nokia - Vis\u00e3o Geral e compra","description":"O Smartphone Nokia Lumia 1020 \u00e9 um aparelho ideal para usu\u00e1rios que precisam de acesso a recursos de produtividade m\u00f3vel com uma c\u00e2mera poderosa de 41MP.","robots":{"index":"index","follow":"follow","max-snippet":"max-snippet:-1","max-image-preview":"max-image-preview:large","max-video-preview":"max-video-preview:-1"},"canonical":"https:\/\/www.office365brasil.com.br\/365blog\/smartphone-nokia-lumia-1020\/","og_locale":"pt_BR","og_type":"article","og_title":"Lumia 1020 Smartphone Nokia - Vis\u00e3o Geral e compra","og_description":"O Smartphone Nokia Lumia 1020 \u00e9 um aparelho ideal para usu\u00e1rios que precisam de acesso a recursos de produtividade m\u00f3vel com uma c\u00e2mera poderosa de 41MP.","og_url":"https:\/\/www.office365brasil.com.br\/365blog\/smartphone-nokia-lumia-1020\/","og_site_name":"365Brasil Blog - Novidades sobre o Microsoft 365","article_modified_time":"2014-09-26T20:03:45+00:00","og_image":[{"url":"https:\/\/www.office365brasil.com.br\/365blog\/wp-content\/uploads\/2014\/09\/lumia1020.jpg","type":"","width":"","height":""}],"twitter_card":"summary_large_image","twitter_misc":{"Est. tempo de leitura":"2 minutos"},"schema":{"@context":"https:\/\/schema.org","@graph":[{"@type":"WebPage","@id":"https:\/\/www.office365brasil.com.br\/365blog\/smartphone-nokia-lumia-1020\/","url":"https:\/\/www.office365brasil.com.br\/365blog\/smartphone-nokia-lumia-1020\/","name":"Lumia 1020 Smartphone Nokia - Vis\u00e3o Geral e compra","isPartOf":{"@id":"https:\/\/www.office365brasil.com.br\/365blog\/#website"},"primaryImageOfPage":{"@id":"https:\/\/www.office365brasil.com.br\/365blog\/smartphone-nokia-lumia-1020\/#primaryimage"},"image":{"@id":"https:\/\/www.office365brasil.com.br\/365blog\/smartphone-nokia-lumia-1020\/#primaryimage"},"thumbnailUrl":"https:\/\/www.office365brasil.com.br\/365blog\/wp-content\/uploads\/2014\/09\/lumia1020.jpg","datePublished":"2014-09-23T14:03:37+00:00","dateModified":"2014-09-26T20:03:45+00:00","description":"O Smartphone Nokia Lumia 1020 \u00e9 um aparelho ideal para usu\u00e1rios que precisam de acesso a recursos de produtividade m\u00f3vel com uma c\u00e2mera poderosa de 41MP.","breadcrumb":{"@id":"https:\/\/www.office365brasil.com.br\/365blog\/smartphone-nokia-lumia-1020\/#breadcrumb"},"inLanguage":"pt-BR","potentialAction":[{"@type":"ReadAction","target":["https:\/\/www.office365brasil.com.br\/365blog\/smartphone-nokia-lumia-1020\/"]}]},{"@type":"ImageObject","inLanguage":"pt-BR","@id":"https:\/\/www.office365brasil.com.br\/365blog\/smartphone-nokia-lumia-1020\/#primaryimage","url":"https:\/\/www.office365brasil.com.br\/365blog\/wp-content\/uploads\/2014\/09\/lumia1020.jpg","contentUrl":"https:\/\/www.office365brasil.com.br\/365blog\/wp-content\/uploads\/2014\/09\/lumia1020.jpg","width":600,"height":200,"caption":"Lumia 1020"},{"@type":"BreadcrumbList","@id":"https:\/\/www.office365brasil.com.br\/365blog\/smartphone-nokia-lumia-1020\/#breadcrumb","itemListElement":[{"@type":"ListItem","position":1,"name":"Home","item":"https:\/\/www.office365brasil.com.br\/365blog\/"},{"@type":"ListItem","position":2,"name":"Smartphone Nokia Lumia 1020"}]},{"@type":"WebSite","@id":"https:\/\/www.office365brasil.com.br\/365blog\/#website","url":"https:\/\/www.office365brasil.com.br\/365blog\/","name":"365Brasil Blog - Novidades sobre o Microsoft 365","description":"Novidades e artigos relacionados sobre o Microsoft 365","publisher":{"@id":"https:\/\/www.office365brasil.com.br\/365blog\/#organization"},"potentialAction":[{"@type":"SearchAction","target":{"@type":"EntryPoint","urlTemplate":"https:\/\/www.office365brasil.com.br\/365blog\/?s={search_term_string}"},"query-input":{"@type":"PropertyValueSpecification","valueRequired":true,"valueName":"search_term_string"}}],"inLanguage":"pt-BR"},{"@type":"Organization","@id":"https:\/\/www.office365brasil.com.br\/365blog\/#organization","name":"365Brasil Blog - Novidades sobre o Microsoft 365","url":"https:\/\/www.office365brasil.com.br\/365blog\/","logo":{"@type":"ImageObject","inLanguage":"pt-BR","@id":"https:\/\/www.office365brasil.com.br\/365blog\/#\/schema\/logo\/image\/","url":"https:\/\/www.office365brasil.com.br\/365blog\/wp-content\/uploads\/2021\/04\/logo.png","contentUrl":"https:\/\/www.office365brasil.com.br\/365blog\/wp-content\/uploads\/2021\/04\/logo.png","width":318,"height":65,"caption":"365Brasil Blog - Novidades sobre o Microsoft 365"},"image":{"@id":"https:\/\/www.office365brasil.com.br\/365blog\/#\/schema\/logo\/image\/"}}]}},"_links":{"self":[{"href":"https:\/\/www.office365brasil.com.br\/365blog\/wp-json\/wp\/v2\/pages\/4114","targetHints":{"allow":["GET"]}}],"collection":[{"href":"https:\/\/www.office365brasil.com.br\/365blog\/wp-json\/wp\/v2\/pages"}],"about":[{"href":"https:\/\/www.office365brasil.com.br\/365blog\/wp-json\/wp\/v2\/types\/page"}],"author":[{"embeddable":true,"href":"https:\/\/www.office365brasil.com.br\/365blog\/wp-json\/wp\/v2\/users\/2"}],"replies":[{"embeddable":true,"href":"https:\/\/www.office365brasil.com.br\/365blog\/wp-json\/wp\/v2\/comments?post=4114"}],"version-history":[{"count":3,"href":"https:\/\/www.office365brasil.com.br\/365blog\/wp-json\/wp\/v2\/pages\/4114\/revisions"}],"predecessor-version":[{"id":4174,"href":"https:\/\/www.office365brasil.com.br\/365blog\/wp-json\/wp\/v2\/pages\/4114\/revisions\/4174"}],"wp:attachment":[{"href":"https:\/\/www.office365brasil.com.br\/365blog\/wp-json\/wp\/v2\/media?parent=4114"}],"curies":[{"name":"wp","href":"https:\/\/api.w.org\/{rel}","templated":true}]}}