{"id":4211,"date":"2016-12-06T13:04:02","date_gmt":"2016-12-06T13:04:02","guid":{"rendered":"https:\/\/www.office365brasil.com.br\/365blog\/?page_id=4211"},"modified":"2016-12-06T15:51:42","modified_gmt":"2016-12-06T15:51:42","slug":"office-365-business-premium","status":"publish","type":"page","link":"https:\/\/www.office365brasil.com.br\/365blog\/office-365-business-premium\/","title":{"rendered":"Office 365 Business Premium"},"content":{"rendered":"<p><img loading=\"lazy\" decoding=\"async\" class=\"alignnone\" src=\"http:\/\/cdn2.dropmark.com\/54634\/87350176ffc1c530ff81eb2eaa2ef75ea4578b65\/office-365-Business-Premium.png\" alt=\"Office 365 Business Premium\" width=\"600\" height=\"200\" \/><\/p>\n<p>O Office 365 Business Premium, que possui um limite de at\u00e9 300 usu\u00e1rios, \u00e9 um \u00f3timo plano do Office 365 e \u00e9 composto das seguintes solu\u00e7\u00f5es de classe corporativa:<\/p>\n<p><strong>Exchange Online(Plano 1):<\/strong> Servi\u00e7o de e-mail corporativo com caixa com 50Gb de armazenamento, compartilhamento de agendas, contatos, tarefas, recursos de sala de reuni\u00f5es, capacidades de auditoria e controle atrav\u00e9s de regras de e-mail e integra\u00e7\u00e3o com ambiente local atrav\u00e9s do Microsoft Active Directory. O Exchange Online \u00e9 protegido por uma solu\u00e7\u00e3o l\u00edder de mercado chamada <a title=\"EOP\" href=\"https:\/\/www.office365brasil.com.br\/365blog\/exchange-online-2\/exchange-online-protection\/\">Exchange Online Protection<\/a><\/p>\n<p><strong>SharePoint Online (Plano 1):<\/strong> Solu\u00e7\u00e3o de colabora\u00e7\u00e3o com recursos avan\u00e7ados para cria\u00e7\u00e3o de intranet, extranet, sites de equipes e projetos, armazenamento em nuvem e recursos conex\u00e3o ao Office e tamb\u00e9m capacidades de cria\u00e7\u00e3o de Wikis, Blog e gest\u00e3o de tarefas.<\/p>\n<p><strong>Skype for Business\u00a0(Plano 2):<\/strong> Servi\u00e7o de mensagens via chat, \u00e1udio e v\u00eddeo com detec\u00e7\u00e3o de presen\u00e7a al\u00e9m de recursos de compartilhamento de apresenta\u00e7\u00f5es, documentos e desktop. O Skype for Business tamb\u00e9m fornece recursos para reuni\u00f5es online com diversos participantes que podem ser membros ou n\u00e3o da organiza\u00e7\u00e3o. A solu\u00e7\u00e3o tamb\u00e9m fornece capacidades de federa\u00e7\u00e3o com o Skype.<\/p>\n<p><strong>OneDrive for Business<\/strong>: Este componente do Office 365 Business Premium, permite aos usu\u00e1rios possu\u00edrem um espa\u00e7o individual de armazenamento de documentos(atualmente com 1TB) para guardarem documentos pr\u00f3prios que podem ser acessados a partir de diversos dispositivos e tamb\u00e9m compartilhados com usu\u00e1rios da organiza\u00e7\u00e3o.<\/p>\n<p><strong>Office:\u00a0<\/strong>Licenciamento do Word, Excel, PowerPoint, Outlook, Publisher e OneNote para instala\u00e7\u00e3o local em at\u00e9 5 PCs ou Macs por usu\u00e1rio.<\/p>\n<p><strong>Office Online:<\/strong> Vers\u00f5es \u201cbrowser\u201d do Word, Excel, PowerPoint e OneNote para cria\u00e7\u00e3o, edi\u00e7\u00e3o e visualiza\u00e7\u00e3o de documentos nestes formatos e que podem estar tanto em uma biblioteca de documentos no SharePoint Online como tamb\u00e9m no OneDrive for Business.<\/p>\n<p><strong>Yammer:<\/strong> Este produto do Office 365 Business Premium\u00a0fornece acesso ao uso da solu\u00e7\u00e3o Microsoft para rede social corporativa Yammer que \u00e9 capaz de se integrar aos demais servi\u00e7os para cria\u00e7\u00e3o de uma ambiente de trabalho em rede proporcionado pelo uso de todos os componentes.<\/p>\n<p><strong>Delve:<\/strong> Fornece uma totalmente nova experi\u00eancia para localiza\u00e7\u00e3o de dados sejam eles dos mais diferentes tipos gra\u00e7as ao potencial de uma solu\u00e7\u00e3o chamada Office Graph que segundo a o blog oficial utiliza t\u00e9cnicas de \u201caprendizagem de m\u00e1quina\u201d(machine learning) sofisticada para mapear as rela\u00e7\u00f5es entre as pessoas, conte\u00fado e atividade que ocorrem em todo o Office 365 Business Premium.<\/p>\n<p>Para mais detalhes relacionados recomendamos uma analise da descri\u00e7\u00f5es de servi\u00e7os disponibilizadas neste link: <a href=\"http:\/\/technet.microsoft.com\/pt-br\/library\/jj819284.aspx\">http:\/\/technet.microsoft.com\/pt-br\/library\/jj819284.aspx<\/a><\/p>\n<p>Em caso de d\u00favidas relacionas a este plano entre em contato conosco:<br \/>\n<a href=\"http:\/\/www.office365brasil.com.br\/contato.htm\">http:\/\/www.office365brasil.com.br\/contato.htm<\/a><\/p>\n<p>&nbsp;<\/p>\n<h2>Comprar\u00a0Office 365 Business Premium<\/h2>\n<p>Para adquirir hoje mesmo o Office 365 Business Premium entre em contato conosco.<\/p>\n<p><strong><a href=\"http:\/\/www.portalcsp.com.br\/o365brasil\/Product\/ViewProduct?partNumber=O365_BUS_PREMIUM\">Pagamento Mensal<\/a><\/strong><\/p>\n<p><strong><a href=\"https:\/\/www.office365brasil.com.br\/365blog\/contato\/\">Pagamento anual com desconto<\/a>\u00a0(<\/strong>Solicitar or\u00e7amento)<\/p>\n<h2>Avalia\u00e7\u00e3o do\u00a0Office 365 Business Premium<\/h2>\n<p><a href=\"https:\/\/portal.office.com\/partner\/partnersignup.aspx?type=Trial&amp;id=91d1a318-f9da-44d9-a52e-2386be5b7115&amp;msppid=3542874\"><img decoding=\"async\" src=\"https:\/\/www.office365brasil.com.br\/365blog\/wp-content\/uploads\/2013\/02\/avalie1.png\" alt=\"\" \/><\/a><\/p>\n<p>Inicie uma avalia\u00e7\u00e3o do <strong>Office 365 Business Premium <\/strong>por 30 dias sem custos e sem compromisso.<\/p>\n<p>&nbsp;<\/p>\n<!-- AddThis Advanced Settings generic via filter on the_content --><!-- AddThis Share Buttons generic via filter on the_content -->","protected":false},"excerpt":{"rendered":"<p>O Office 365 Business Premium, que possui um limite de at\u00e9 300 usu\u00e1rios, \u00e9 um \u00f3timo plano do Office 365<!-- AddThis Advanced Settings generic via filter on wp_trim_excerpt --><!-- AddThis Share Buttons generic via filter on wp_trim_excerpt --><\/p>\n","protected":false},"author":2,"featured_media":0,"parent":0,"menu_order":0,"comment_status":"open","ping_status":"open","template":"","meta":{"colormag_page_container_layout":"default_layout","colormag_page_sidebar_layout":"default_layout","footnotes":""},"class_list":["post-4211","page","type-page","status-publish","hentry"],"yoast_head":"<!-- This site is optimized with the Yoast SEO plugin v27.4 - https:\/\/yoast.com\/product\/yoast-seo-wordpress\/ -->\n<title>Office 365 Business Premium para empresas: Office e servi\u00e7os online<\/title>\n<meta name=\"description\" content=\"Office 365 Business Premium \u00e9 um dos planos do Office 365 para empresas com at\u00e9 300 usu\u00e1rios. Fornece licenciamento local do Office e servi\u00e7os online.\" \/>\n<meta name=\"robots\" content=\"index, follow, max-snippet:-1, max-image-preview:large, max-video-preview:-1\" \/>\n<link rel=\"canonical\" href=\"https:\/\/www.office365brasil.com.br\/365blog\/office-365-business-premium\/\" \/>\n<meta property=\"og:locale\" content=\"pt_BR\" \/>\n<meta property=\"og:type\" content=\"article\" \/>\n<meta property=\"og:title\" content=\"Office 365 Business Premium para empresas: Office e servi\u00e7os online\" \/>\n<meta property=\"og:description\" content=\"Office 365 Business Premium \u00e9 um dos planos do Office 365 para empresas com at\u00e9 300 usu\u00e1rios. Fornece licenciamento local do Office e servi\u00e7os online.\" \/>\n<meta property=\"og:url\" content=\"https:\/\/www.office365brasil.com.br\/365blog\/office-365-business-premium\/\" \/>\n<meta property=\"og:site_name\" content=\"365Brasil Blog - Novidades sobre o Microsoft 365\" \/>\n<meta property=\"article:modified_time\" content=\"2016-12-06T15:51:42+00:00\" \/>\n<meta property=\"og:image\" content=\"http:\/\/cdn2.dropmark.com\/54634\/87350176ffc1c530ff81eb2eaa2ef75ea4578b65\/office-365-Business-Premium.png\" \/>\n<meta name=\"twitter:card\" content=\"summary_large_image\" \/>\n<meta name=\"twitter:label1\" content=\"Est. tempo de leitura\" \/>\n\t<meta name=\"twitter:data1\" content=\"3 minutos\" \/>\n<script type=\"application\/ld+json\" class=\"yoast-schema-graph\">{\"@context\":\"https:\\\/\\\/schema.org\",\"@graph\":[{\"@type\":\"WebPage\",\"@id\":\"https:\\\/\\\/www.office365brasil.com.br\\\/365blog\\\/office-365-business-premium\\\/\",\"url\":\"https:\\\/\\\/www.office365brasil.com.br\\\/365blog\\\/office-365-business-premium\\\/\",\"name\":\"Office 365 Business Premium para empresas: Office e servi\u00e7os online\",\"isPartOf\":{\"@id\":\"https:\\\/\\\/www.office365brasil.com.br\\\/365blog\\\/#website\"},\"primaryImageOfPage\":{\"@id\":\"https:\\\/\\\/www.office365brasil.com.br\\\/365blog\\\/office-365-business-premium\\\/#primaryimage\"},\"image\":{\"@id\":\"https:\\\/\\\/www.office365brasil.com.br\\\/365blog\\\/office-365-business-premium\\\/#primaryimage\"},\"thumbnailUrl\":\"http:\\\/\\\/cdn2.dropmark.com\\\/54634\\\/87350176ffc1c530ff81eb2eaa2ef75ea4578b65\\\/office-365-Business-Premium.png\",\"datePublished\":\"2016-12-06T13:04:02+00:00\",\"dateModified\":\"2016-12-06T15:51:42+00:00\",\"description\":\"Office 365 Business Premium \u00e9 um dos planos do Office 365 para empresas com at\u00e9 300 usu\u00e1rios. Fornece licenciamento local do Office e servi\u00e7os online.\",\"breadcrumb\":{\"@id\":\"https:\\\/\\\/www.office365brasil.com.br\\\/365blog\\\/office-365-business-premium\\\/#breadcrumb\"},\"inLanguage\":\"pt-BR\",\"potentialAction\":[{\"@type\":\"ReadAction\",\"target\":[\"https:\\\/\\\/www.office365brasil.com.br\\\/365blog\\\/office-365-business-premium\\\/\"]}]},{\"@type\":\"ImageObject\",\"inLanguage\":\"pt-BR\",\"@id\":\"https:\\\/\\\/www.office365brasil.com.br\\\/365blog\\\/office-365-business-premium\\\/#primaryimage\",\"url\":\"http:\\\/\\\/cdn2.dropmark.com\\\/54634\\\/87350176ffc1c530ff81eb2eaa2ef75ea4578b65\\\/office-365-Business-Premium.png\",\"contentUrl\":\"http:\\\/\\\/cdn2.dropmark.com\\\/54634\\\/87350176ffc1c530ff81eb2eaa2ef75ea4578b65\\\/office-365-Business-Premium.png\"},{\"@type\":\"BreadcrumbList\",\"@id\":\"https:\\\/\\\/www.office365brasil.com.br\\\/365blog\\\/office-365-business-premium\\\/#breadcrumb\",\"itemListElement\":[{\"@type\":\"ListItem\",\"position\":1,\"name\":\"Home\",\"item\":\"https:\\\/\\\/www.office365brasil.com.br\\\/365blog\\\/\"},{\"@type\":\"ListItem\",\"position\":2,\"name\":\"Office 365 Business Premium\"}]},{\"@type\":\"WebSite\",\"@id\":\"https:\\\/\\\/www.office365brasil.com.br\\\/365blog\\\/#website\",\"url\":\"https:\\\/\\\/www.office365brasil.com.br\\\/365blog\\\/\",\"name\":\"365Brasil Blog - Novidades sobre o Microsoft 365\",\"description\":\"Novidades e artigos relacionados sobre o Microsoft 365\",\"publisher\":{\"@id\":\"https:\\\/\\\/www.office365brasil.com.br\\\/365blog\\\/#organization\"},\"potentialAction\":[{\"@type\":\"SearchAction\",\"target\":{\"@type\":\"EntryPoint\",\"urlTemplate\":\"https:\\\/\\\/www.office365brasil.com.br\\\/365blog\\\/?s={search_term_string}\"},\"query-input\":{\"@type\":\"PropertyValueSpecification\",\"valueRequired\":true,\"valueName\":\"search_term_string\"}}],\"inLanguage\":\"pt-BR\"},{\"@type\":\"Organization\",\"@id\":\"https:\\\/\\\/www.office365brasil.com.br\\\/365blog\\\/#organization\",\"name\":\"365Brasil Blog - Novidades sobre o Microsoft 365\",\"url\":\"https:\\\/\\\/www.office365brasil.com.br\\\/365blog\\\/\",\"logo\":{\"@type\":\"ImageObject\",\"inLanguage\":\"pt-BR\",\"@id\":\"https:\\\/\\\/www.office365brasil.com.br\\\/365blog\\\/#\\\/schema\\\/logo\\\/image\\\/\",\"url\":\"https:\\\/\\\/www.office365brasil.com.br\\\/365blog\\\/wp-content\\\/uploads\\\/2021\\\/04\\\/logo.png\",\"contentUrl\":\"https:\\\/\\\/www.office365brasil.com.br\\\/365blog\\\/wp-content\\\/uploads\\\/2021\\\/04\\\/logo.png\",\"width\":318,\"height\":65,\"caption\":\"365Brasil Blog - Novidades sobre o Microsoft 365\"},\"image\":{\"@id\":\"https:\\\/\\\/www.office365brasil.com.br\\\/365blog\\\/#\\\/schema\\\/logo\\\/image\\\/\"}}]}<\/script>\n<!-- \/ Yoast SEO plugin. -->","yoast_head_json":{"title":"Office 365 Business Premium para empresas: Office e servi\u00e7os online","description":"Office 365 Business Premium \u00e9 um dos planos do Office 365 para empresas com at\u00e9 300 usu\u00e1rios. Fornece licenciamento local do Office e servi\u00e7os online.","robots":{"index":"index","follow":"follow","max-snippet":"max-snippet:-1","max-image-preview":"max-image-preview:large","max-video-preview":"max-video-preview:-1"},"canonical":"https:\/\/www.office365brasil.com.br\/365blog\/office-365-business-premium\/","og_locale":"pt_BR","og_type":"article","og_title":"Office 365 Business Premium para empresas: Office e servi\u00e7os online","og_description":"Office 365 Business Premium \u00e9 um dos planos do Office 365 para empresas com at\u00e9 300 usu\u00e1rios. Fornece licenciamento local do Office e servi\u00e7os online.","og_url":"https:\/\/www.office365brasil.com.br\/365blog\/office-365-business-premium\/","og_site_name":"365Brasil Blog - Novidades sobre o Microsoft 365","article_modified_time":"2016-12-06T15:51:42+00:00","og_image":[{"url":"http:\/\/cdn2.dropmark.com\/54634\/87350176ffc1c530ff81eb2eaa2ef75ea4578b65\/office-365-Business-Premium.png","type":"","width":"","height":""}],"twitter_card":"summary_large_image","twitter_misc":{"Est. tempo de leitura":"3 minutos"},"schema":{"@context":"https:\/\/schema.org","@graph":[{"@type":"WebPage","@id":"https:\/\/www.office365brasil.com.br\/365blog\/office-365-business-premium\/","url":"https:\/\/www.office365brasil.com.br\/365blog\/office-365-business-premium\/","name":"Office 365 Business Premium para empresas: Office e servi\u00e7os online","isPartOf":{"@id":"https:\/\/www.office365brasil.com.br\/365blog\/#website"},"primaryImageOfPage":{"@id":"https:\/\/www.office365brasil.com.br\/365blog\/office-365-business-premium\/#primaryimage"},"image":{"@id":"https:\/\/www.office365brasil.com.br\/365blog\/office-365-business-premium\/#primaryimage"},"thumbnailUrl":"http:\/\/cdn2.dropmark.com\/54634\/87350176ffc1c530ff81eb2eaa2ef75ea4578b65\/office-365-Business-Premium.png","datePublished":"2016-12-06T13:04:02+00:00","dateModified":"2016-12-06T15:51:42+00:00","description":"Office 365 Business Premium \u00e9 um dos planos do Office 365 para empresas com at\u00e9 300 usu\u00e1rios. Fornece licenciamento local do Office e servi\u00e7os online.","breadcrumb":{"@id":"https:\/\/www.office365brasil.com.br\/365blog\/office-365-business-premium\/#breadcrumb"},"inLanguage":"pt-BR","potentialAction":[{"@type":"ReadAction","target":["https:\/\/www.office365brasil.com.br\/365blog\/office-365-business-premium\/"]}]},{"@type":"ImageObject","inLanguage":"pt-BR","@id":"https:\/\/www.office365brasil.com.br\/365blog\/office-365-business-premium\/#primaryimage","url":"http:\/\/cdn2.dropmark.com\/54634\/87350176ffc1c530ff81eb2eaa2ef75ea4578b65\/office-365-Business-Premium.png","contentUrl":"http:\/\/cdn2.dropmark.com\/54634\/87350176ffc1c530ff81eb2eaa2ef75ea4578b65\/office-365-Business-Premium.png"},{"@type":"BreadcrumbList","@id":"https:\/\/www.office365brasil.com.br\/365blog\/office-365-business-premium\/#breadcrumb","itemListElement":[{"@type":"ListItem","position":1,"name":"Home","item":"https:\/\/www.office365brasil.com.br\/365blog\/"},{"@type":"ListItem","position":2,"name":"Office 365 Business Premium"}]},{"@type":"WebSite","@id":"https:\/\/www.office365brasil.com.br\/365blog\/#website","url":"https:\/\/www.office365brasil.com.br\/365blog\/","name":"365Brasil Blog - Novidades sobre o Microsoft 365","description":"Novidades e artigos relacionados sobre o Microsoft 365","publisher":{"@id":"https:\/\/www.office365brasil.com.br\/365blog\/#organization"},"potentialAction":[{"@type":"SearchAction","target":{"@type":"EntryPoint","urlTemplate":"https:\/\/www.office365brasil.com.br\/365blog\/?s={search_term_string}"},"query-input":{"@type":"PropertyValueSpecification","valueRequired":true,"valueName":"search_term_string"}}],"inLanguage":"pt-BR"},{"@type":"Organization","@id":"https:\/\/www.office365brasil.com.br\/365blog\/#organization","name":"365Brasil Blog - Novidades sobre o Microsoft 365","url":"https:\/\/www.office365brasil.com.br\/365blog\/","logo":{"@type":"ImageObject","inLanguage":"pt-BR","@id":"https:\/\/www.office365brasil.com.br\/365blog\/#\/schema\/logo\/image\/","url":"https:\/\/www.office365brasil.com.br\/365blog\/wp-content\/uploads\/2021\/04\/logo.png","contentUrl":"https:\/\/www.office365brasil.com.br\/365blog\/wp-content\/uploads\/2021\/04\/logo.png","width":318,"height":65,"caption":"365Brasil Blog - Novidades sobre o Microsoft 365"},"image":{"@id":"https:\/\/www.office365brasil.com.br\/365blog\/#\/schema\/logo\/image\/"}}]}},"_links":{"self":[{"href":"https:\/\/www.office365brasil.com.br\/365blog\/wp-json\/wp\/v2\/pages\/4211","targetHints":{"allow":["GET"]}}],"collection":[{"href":"https:\/\/www.office365brasil.com.br\/365blog\/wp-json\/wp\/v2\/pages"}],"about":[{"href":"https:\/\/www.office365brasil.com.br\/365blog\/wp-json\/wp\/v2\/types\/page"}],"author":[{"embeddable":true,"href":"https:\/\/www.office365brasil.com.br\/365blog\/wp-json\/wp\/v2\/users\/2"}],"replies":[{"embeddable":true,"href":"https:\/\/www.office365brasil.com.br\/365blog\/wp-json\/wp\/v2\/comments?post=4211"}],"version-history":[{"count":5,"href":"https:\/\/www.office365brasil.com.br\/365blog\/wp-json\/wp\/v2\/pages\/4211\/revisions"}],"predecessor-version":[{"id":5040,"href":"https:\/\/www.office365brasil.com.br\/365blog\/wp-json\/wp\/v2\/pages\/4211\/revisions\/5040"}],"wp:attachment":[{"href":"https:\/\/www.office365brasil.com.br\/365blog\/wp-json\/wp\/v2\/media?parent=4211"}],"curies":[{"name":"wp","href":"https:\/\/api.w.org\/{rel}","templated":true}]}}