{"id":4225,"date":"2014-10-08T17:27:35","date_gmt":"2014-10-08T17:27:35","guid":{"rendered":"https:\/\/www.office365brasil.com.br\/365blog\/?page_id=4225"},"modified":"2014-10-08T17:28:55","modified_gmt":"2014-10-08T17:28:55","slug":"office-365-business","status":"publish","type":"page","link":"https:\/\/www.office365brasil.com.br\/365blog\/office-365-business\/","title":{"rendered":"Office 365 Business"},"content":{"rendered":"<p><img loading=\"lazy\" decoding=\"async\" class=\"alignnone\" src=\"http:\/\/cdn2.dropmark.com\/54634\/04775c7085aad694b0cd9217997499776c6efcf3\/office365-business.png\" alt=\"Office 365 Business\" width=\"600\" height=\"200\" \/><\/p>\n<p>O <strong>Office 365 Business,<\/strong> que possui um limite de at\u00e9 300 usu\u00e1rios, \u00e9 um \u00f3timo plano do Office 365 e \u00e9 composto das seguintes solu\u00e7\u00f5es de classe corporativa:<\/p>\n<p><strong>OneDrive for Business<\/strong>: Este componente do Office 365 Business, permite aos usu\u00e1rios possu\u00edrem um espa\u00e7o individual de armazenamento de documentos(atualmente com 1TB) para guardarem documentos pr\u00f3prios que podem ser acessados a partir de diversos dispositivos e tamb\u00e9m compartilhados com usu\u00e1rios da organiza\u00e7\u00e3o.<\/p>\n<p><strong>Office Online:<\/strong> Vers\u00f5es \u201cbrowser\u201d do Word, Excel, PowerPoint e OneNote para cria\u00e7\u00e3o, edi\u00e7\u00e3o e visualiza\u00e7\u00e3o de documentos nestes formatos e que podem estar tanto em uma biblioteca de documentos no SharePoint Online como tamb\u00e9m no OneDrive for Business.<\/p>\n<p><strong>Office:\u00a0<\/strong>Licenciamento do Word, Excel, PowerPoint, Outlook, Publisher e OneNote para instala\u00e7\u00e3o local em at\u00e9 5 PCs ou Macs por usu\u00e1rio. Essa licen\u00e7a \u00e9 instalada localmente e requer conex\u00e3o a internet apenas para instala\u00e7\u00e3o e ativa\u00e7\u00e3o.<\/p>\n<p>O Office 365 Business \u00e9 uma \u00f3tima op\u00e7\u00e3o para empresas menores que precisam licenciar o Office para seus usu\u00e1rios e que est\u00e3o come\u00e7ando a considerar a nuvem como um alternativa para armazenamento de documentos ligados a produtividade interna. Al\u00e9m disso voc\u00ea tem acesso atrav\u00e9s da assinatura ao direito de acesso completo a vers\u00e3o m\u00f3vel do Office para iPad, iPhone e Android.<\/p>\n<p>Este plano tamb\u00e9m pode ser indicado para empresas menores que estejam usando o <a href=\"https:\/\/www.office365brasil.com.br\/365blog\/office-365-home-premium\/\">Office 365 Home<\/a> que como j\u00e1 verificamos anteriormente <strong>n\u00e3o \u00e9 destinado a uso comercial<\/strong>. Com essa assinatura voc\u00ea pode instalar local e legalmente o Office nos computadores dos usu\u00e1rios sem qualquer preocupa\u00e7\u00e3o com rela\u00e7\u00e3o a legalidade de uso para empresas.<\/p>\n<p>&nbsp;<\/p>\n<h2>Avalia\u00e7\u00e3o do\u00a0Office 365 Business<\/h2>\n<p><a title=\"Avaliar Office 365 Business\" href=\"https:\/\/portal.office.com\/partner\/partnersignup.aspx?type=Trial&amp;id=4a529a00-ba08-40cc-8056-71bc031f5912&amp;msppid=3542874\"><img decoding=\"async\" src=\"https:\/\/www.office365brasil.com.br\/365blog\/wp-content\/uploads\/2013\/02\/avalie1.png\" alt=\"\" \/><\/a><\/p>\n<p>Inicie uma avalia\u00e7\u00e3o do <strong>Office 365 Business <\/strong>por 30 dias sem custos e sem compromisso. Conte com nosso apoio para avaliar.<\/p>\n<p>Para mais detalhes relacionados recomendamos uma analise da descri\u00e7\u00f5es de servi\u00e7os disponibilizadas neste link: <a href=\"http:\/\/technet.microsoft.com\/pt-br\/library\/jj819284.aspx\">http:\/\/technet.microsoft.com\/pt-br\/library\/jj819284.aspx<\/a><\/p>\n<p>Em caso de d\u00favidas relacionas a este plano entre em contato conosco:<br \/>\n<a href=\"http:\/\/www.office365brasil.com.br\/contato.htm\">http:\/\/www.office365brasil.com.br\/contato.htm<\/a><\/p>\n<!-- AddThis Advanced Settings generic via filter on the_content --><!-- AddThis Share Buttons generic via filter on the_content -->","protected":false},"excerpt":{"rendered":"<p>O Office 365 Business, que possui um limite de at\u00e9 300 usu\u00e1rios, \u00e9 um \u00f3timo plano do Office 365 e<!-- AddThis Advanced Settings generic via filter on wp_trim_excerpt --><!-- AddThis Share Buttons generic via filter on wp_trim_excerpt --><\/p>\n","protected":false},"author":2,"featured_media":0,"parent":0,"menu_order":0,"comment_status":"open","ping_status":"open","template":"","meta":{"colormag_page_container_layout":"default_layout","colormag_page_sidebar_layout":"default_layout","footnotes":""},"class_list":["post-4225","page","type-page","status-publish","hentry"],"yoast_head":"<!-- This site is optimized with the Yoast SEO plugin v27.2 - https:\/\/yoast.com\/product\/yoast-seo-wordpress\/ -->\n<title>Office 365 Business: Plano para empresas<\/title>\n<meta name=\"description\" content=\"Office 365 Business \u00e9 um dos planos do Office 365 para empresas que possui um limite de at\u00e9 300 usu\u00e1rios. Pode ser utilizado com outros planos.\" \/>\n<meta name=\"robots\" content=\"index, follow, max-snippet:-1, max-image-preview:large, max-video-preview:-1\" \/>\n<link rel=\"canonical\" href=\"https:\/\/www.office365brasil.com.br\/365blog\/office-365-business\/\" \/>\n<meta property=\"og:locale\" content=\"pt_BR\" \/>\n<meta property=\"og:type\" content=\"article\" \/>\n<meta property=\"og:title\" content=\"Office 365 Business: Plano para empresas\" \/>\n<meta property=\"og:description\" content=\"Office 365 Business \u00e9 um dos planos do Office 365 para empresas que possui um limite de at\u00e9 300 usu\u00e1rios. Pode ser utilizado com outros planos.\" \/>\n<meta property=\"og:url\" content=\"https:\/\/www.office365brasil.com.br\/365blog\/office-365-business\/\" \/>\n<meta property=\"og:site_name\" content=\"365Brasil Blog - Novidades sobre o Microsoft 365\" \/>\n<meta property=\"article:modified_time\" content=\"2014-10-08T17:28:55+00:00\" \/>\n<meta property=\"og:image\" content=\"http:\/\/cdn2.dropmark.com\/54634\/04775c7085aad694b0cd9217997499776c6efcf3\/office365-business.png\" \/>\n<meta name=\"twitter:card\" content=\"summary_large_image\" \/>\n<meta name=\"twitter:label1\" content=\"Est. tempo de leitura\" \/>\n\t<meta name=\"twitter:data1\" content=\"2 minutos\" \/>\n<script type=\"application\/ld+json\" class=\"yoast-schema-graph\">{\"@context\":\"https:\/\/schema.org\",\"@graph\":[{\"@type\":\"WebPage\",\"@id\":\"https:\/\/www.office365brasil.com.br\/365blog\/office-365-business\/\",\"url\":\"https:\/\/www.office365brasil.com.br\/365blog\/office-365-business\/\",\"name\":\"Office 365 Business: Plano para empresas\",\"isPartOf\":{\"@id\":\"https:\/\/www.office365brasil.com.br\/365blog\/#website\"},\"primaryImageOfPage\":{\"@id\":\"https:\/\/www.office365brasil.com.br\/365blog\/office-365-business\/#primaryimage\"},\"image\":{\"@id\":\"https:\/\/www.office365brasil.com.br\/365blog\/office-365-business\/#primaryimage\"},\"thumbnailUrl\":\"http:\/\/cdn2.dropmark.com\/54634\/04775c7085aad694b0cd9217997499776c6efcf3\/office365-business.png\",\"datePublished\":\"2014-10-08T17:27:35+00:00\",\"dateModified\":\"2014-10-08T17:28:55+00:00\",\"description\":\"Office 365 Business \u00e9 um dos planos do Office 365 para empresas que possui um limite de at\u00e9 300 usu\u00e1rios. Pode ser utilizado com outros planos.\",\"breadcrumb\":{\"@id\":\"https:\/\/www.office365brasil.com.br\/365blog\/office-365-business\/#breadcrumb\"},\"inLanguage\":\"pt-BR\",\"potentialAction\":[{\"@type\":\"ReadAction\",\"target\":[\"https:\/\/www.office365brasil.com.br\/365blog\/office-365-business\/\"]}]},{\"@type\":\"ImageObject\",\"inLanguage\":\"pt-BR\",\"@id\":\"https:\/\/www.office365brasil.com.br\/365blog\/office-365-business\/#primaryimage\",\"url\":\"http:\/\/cdn2.dropmark.com\/54634\/04775c7085aad694b0cd9217997499776c6efcf3\/office365-business.png\",\"contentUrl\":\"http:\/\/cdn2.dropmark.com\/54634\/04775c7085aad694b0cd9217997499776c6efcf3\/office365-business.png\"},{\"@type\":\"BreadcrumbList\",\"@id\":\"https:\/\/www.office365brasil.com.br\/365blog\/office-365-business\/#breadcrumb\",\"itemListElement\":[{\"@type\":\"ListItem\",\"position\":1,\"name\":\"Home\",\"item\":\"https:\/\/www.office365brasil.com.br\/365blog\/\"},{\"@type\":\"ListItem\",\"position\":2,\"name\":\"Office 365 Business\"}]},{\"@type\":\"WebSite\",\"@id\":\"https:\/\/www.office365brasil.com.br\/365blog\/#website\",\"url\":\"https:\/\/www.office365brasil.com.br\/365blog\/\",\"name\":\"365Brasil Blog - Novidades sobre o Microsoft 365\",\"description\":\"Novidades e artigos relacionados sobre o Microsoft 365\",\"publisher\":{\"@id\":\"https:\/\/www.office365brasil.com.br\/365blog\/#organization\"},\"potentialAction\":[{\"@type\":\"SearchAction\",\"target\":{\"@type\":\"EntryPoint\",\"urlTemplate\":\"https:\/\/www.office365brasil.com.br\/365blog\/?s={search_term_string}\"},\"query-input\":{\"@type\":\"PropertyValueSpecification\",\"valueRequired\":true,\"valueName\":\"search_term_string\"}}],\"inLanguage\":\"pt-BR\"},{\"@type\":\"Organization\",\"@id\":\"https:\/\/www.office365brasil.com.br\/365blog\/#organization\",\"name\":\"365Brasil Blog - Novidades sobre o Microsoft 365\",\"url\":\"https:\/\/www.office365brasil.com.br\/365blog\/\",\"logo\":{\"@type\":\"ImageObject\",\"inLanguage\":\"pt-BR\",\"@id\":\"https:\/\/www.office365brasil.com.br\/365blog\/#\/schema\/logo\/image\/\",\"url\":\"https:\/\/www.office365brasil.com.br\/365blog\/wp-content\/uploads\/2021\/04\/logo.png\",\"contentUrl\":\"https:\/\/www.office365brasil.com.br\/365blog\/wp-content\/uploads\/2021\/04\/logo.png\",\"width\":318,\"height\":65,\"caption\":\"365Brasil Blog - Novidades sobre o Microsoft 365\"},\"image\":{\"@id\":\"https:\/\/www.office365brasil.com.br\/365blog\/#\/schema\/logo\/image\/\"}}]}<\/script>\n<!-- \/ Yoast SEO plugin. -->","yoast_head_json":{"title":"Office 365 Business: Plano para empresas","description":"Office 365 Business \u00e9 um dos planos do Office 365 para empresas que possui um limite de at\u00e9 300 usu\u00e1rios. Pode ser utilizado com outros planos.","robots":{"index":"index","follow":"follow","max-snippet":"max-snippet:-1","max-image-preview":"max-image-preview:large","max-video-preview":"max-video-preview:-1"},"canonical":"https:\/\/www.office365brasil.com.br\/365blog\/office-365-business\/","og_locale":"pt_BR","og_type":"article","og_title":"Office 365 Business: Plano para empresas","og_description":"Office 365 Business \u00e9 um dos planos do Office 365 para empresas que possui um limite de at\u00e9 300 usu\u00e1rios. Pode ser utilizado com outros planos.","og_url":"https:\/\/www.office365brasil.com.br\/365blog\/office-365-business\/","og_site_name":"365Brasil Blog - Novidades sobre o Microsoft 365","article_modified_time":"2014-10-08T17:28:55+00:00","og_image":[{"url":"http:\/\/cdn2.dropmark.com\/54634\/04775c7085aad694b0cd9217997499776c6efcf3\/office365-business.png","type":"","width":"","height":""}],"twitter_card":"summary_large_image","twitter_misc":{"Est. tempo de leitura":"2 minutos"},"schema":{"@context":"https:\/\/schema.org","@graph":[{"@type":"WebPage","@id":"https:\/\/www.office365brasil.com.br\/365blog\/office-365-business\/","url":"https:\/\/www.office365brasil.com.br\/365blog\/office-365-business\/","name":"Office 365 Business: Plano para empresas","isPartOf":{"@id":"https:\/\/www.office365brasil.com.br\/365blog\/#website"},"primaryImageOfPage":{"@id":"https:\/\/www.office365brasil.com.br\/365blog\/office-365-business\/#primaryimage"},"image":{"@id":"https:\/\/www.office365brasil.com.br\/365blog\/office-365-business\/#primaryimage"},"thumbnailUrl":"http:\/\/cdn2.dropmark.com\/54634\/04775c7085aad694b0cd9217997499776c6efcf3\/office365-business.png","datePublished":"2014-10-08T17:27:35+00:00","dateModified":"2014-10-08T17:28:55+00:00","description":"Office 365 Business \u00e9 um dos planos do Office 365 para empresas que possui um limite de at\u00e9 300 usu\u00e1rios. Pode ser utilizado com outros planos.","breadcrumb":{"@id":"https:\/\/www.office365brasil.com.br\/365blog\/office-365-business\/#breadcrumb"},"inLanguage":"pt-BR","potentialAction":[{"@type":"ReadAction","target":["https:\/\/www.office365brasil.com.br\/365blog\/office-365-business\/"]}]},{"@type":"ImageObject","inLanguage":"pt-BR","@id":"https:\/\/www.office365brasil.com.br\/365blog\/office-365-business\/#primaryimage","url":"http:\/\/cdn2.dropmark.com\/54634\/04775c7085aad694b0cd9217997499776c6efcf3\/office365-business.png","contentUrl":"http:\/\/cdn2.dropmark.com\/54634\/04775c7085aad694b0cd9217997499776c6efcf3\/office365-business.png"},{"@type":"BreadcrumbList","@id":"https:\/\/www.office365brasil.com.br\/365blog\/office-365-business\/#breadcrumb","itemListElement":[{"@type":"ListItem","position":1,"name":"Home","item":"https:\/\/www.office365brasil.com.br\/365blog\/"},{"@type":"ListItem","position":2,"name":"Office 365 Business"}]},{"@type":"WebSite","@id":"https:\/\/www.office365brasil.com.br\/365blog\/#website","url":"https:\/\/www.office365brasil.com.br\/365blog\/","name":"365Brasil Blog - Novidades sobre o Microsoft 365","description":"Novidades e artigos relacionados sobre o Microsoft 365","publisher":{"@id":"https:\/\/www.office365brasil.com.br\/365blog\/#organization"},"potentialAction":[{"@type":"SearchAction","target":{"@type":"EntryPoint","urlTemplate":"https:\/\/www.office365brasil.com.br\/365blog\/?s={search_term_string}"},"query-input":{"@type":"PropertyValueSpecification","valueRequired":true,"valueName":"search_term_string"}}],"inLanguage":"pt-BR"},{"@type":"Organization","@id":"https:\/\/www.office365brasil.com.br\/365blog\/#organization","name":"365Brasil Blog - Novidades sobre o Microsoft 365","url":"https:\/\/www.office365brasil.com.br\/365blog\/","logo":{"@type":"ImageObject","inLanguage":"pt-BR","@id":"https:\/\/www.office365brasil.com.br\/365blog\/#\/schema\/logo\/image\/","url":"https:\/\/www.office365brasil.com.br\/365blog\/wp-content\/uploads\/2021\/04\/logo.png","contentUrl":"https:\/\/www.office365brasil.com.br\/365blog\/wp-content\/uploads\/2021\/04\/logo.png","width":318,"height":65,"caption":"365Brasil Blog - Novidades sobre o Microsoft 365"},"image":{"@id":"https:\/\/www.office365brasil.com.br\/365blog\/#\/schema\/logo\/image\/"}}]}},"_links":{"self":[{"href":"https:\/\/www.office365brasil.com.br\/365blog\/wp-json\/wp\/v2\/pages\/4225","targetHints":{"allow":["GET"]}}],"collection":[{"href":"https:\/\/www.office365brasil.com.br\/365blog\/wp-json\/wp\/v2\/pages"}],"about":[{"href":"https:\/\/www.office365brasil.com.br\/365blog\/wp-json\/wp\/v2\/types\/page"}],"author":[{"embeddable":true,"href":"https:\/\/www.office365brasil.com.br\/365blog\/wp-json\/wp\/v2\/users\/2"}],"replies":[{"embeddable":true,"href":"https:\/\/www.office365brasil.com.br\/365blog\/wp-json\/wp\/v2\/comments?post=4225"}],"version-history":[{"count":1,"href":"https:\/\/www.office365brasil.com.br\/365blog\/wp-json\/wp\/v2\/pages\/4225\/revisions"}],"predecessor-version":[{"id":4226,"href":"https:\/\/www.office365brasil.com.br\/365blog\/wp-json\/wp\/v2\/pages\/4225\/revisions\/4226"}],"wp:attachment":[{"href":"https:\/\/www.office365brasil.com.br\/365blog\/wp-json\/wp\/v2\/media?parent=4225"}],"curies":[{"name":"wp","href":"https:\/\/api.w.org\/{rel}","templated":true}]}}