{"id":713,"date":"2013-01-29T14:24:46","date_gmt":"2013-01-29T16:24:46","guid":{"rendered":"https:\/\/www.office365brasil.com.br\/365blog\/?page_id=713"},"modified":"2015-10-20T16:40:59","modified_gmt":"2015-10-20T16:40:59","slug":"office-365-home-premium","status":"publish","type":"page","link":"https:\/\/www.office365brasil.com.br\/365blog\/office-365-home-premium\/","title":{"rendered":"Office 365 Home Premium"},"content":{"rendered":"<p><a href=\"http:\/\/oferta.vc\/mkQA\"><img decoding=\"async\" title=\"\" src=\"http:\/\/cdn2.dropmark.com\/54634\/72665e76658ab4bf9f82994a742720d14b5baaab\/BannerComprarHomePremium1.png\" alt=\"Recursos do Exchange Online\" \/><\/a><\/p>\n<p>&nbsp;<\/p>\n<ul>\n<li><span style=\"color: #0080ff; font-size: large;\"><strong>At\u00e9 5(cinco instala\u00e7\u00f5es) do Office em PC\u00b4s ou Mac\u00b4s<br \/>\n<\/strong><\/span><\/li>\n<li><span style=\"color: #0080ff; font-size: large;\"><strong>1TB de armazenamento\u00a0para voc\u00ea no OneDrive<br \/>\n<\/strong><\/span><\/li>\n<li><span style=\"color: #0080ff; font-size: large;\"><strong>60(Sessenta) minutos mensais de liga\u00e7\u00f5es Skype<br \/>\n<\/strong><\/span><\/li>\n<li><span style=\"color: #0080ff; font-size: large;\"><strong>Vers\u00e3o mais atualizada do Office sempre<\/strong><\/span><\/li>\n<\/ul>\n<h3><\/h3>\n<h2>Office 2013 para PC\u00b4s e MC\u00b4s<\/h2>\n<p><a href=\"https:\/\/www.office365brasil.com.br\/365blog\/wp-content\/uploads\/2013\/01\/office365homepremium.png\"><img loading=\"lazy\" decoding=\"async\" style=\"background-image: none; padding-top: 0px; padding-left: 0px; display: inline; padding-right: 0px; border-width: 0px;\" title=\"office365homepremium\" src=\"https:\/\/www.office365brasil.com.br\/365blog\/wp-content\/uploads\/2013\/01\/office365homepremium_thumb.png\" alt=\"office-365-home-premium\" width=\"600\" height=\"200\" border=\"0\" \/><\/a><\/p>\n<p>Com a assinatura anual com <strong>Office 365 Home Premium<\/strong> voc\u00ea recebe direito de uso de 5(cinco) instala\u00e7\u00f5es do seguintes componentes do Office:<\/p>\n<p><a href=\"http:\/\/office.microsoft.com\/pt-br\/word\/\" target=\"_blank\"><strong>Word 2013<\/strong>:<\/a> Edi\u00e7\u00e3o e visualiza\u00e7\u00e3o de documentos no seu computador ou mac.<br \/>\n<a href=\"http:\/\/office.microsoft.com\/pt-br\/excel\/\" target=\"_blank\"><strong>Excel 2013:<\/strong><\/a> Planilhas avan\u00e7adas para controles de informa\u00e7\u00f5es.<br \/>\n<a href=\"http:\/\/office.microsoft.com\/pt-br\/powerpoint\/\" target=\"_blank\"><strong>Power Point 2013:<\/strong><\/a> Apresenta\u00e7\u00f5es fant\u00e1sticas em qualquer lugar.<br \/>\n<a href=\"http:\/\/office.microsoft.com\/pt-br\/outlook\/\" target=\"_blank\"><strong>Outlook 2013:<\/strong><\/a> Tenha acesso aos seus e-mail e fique conectado.<br \/>\n<a href=\"http:\/\/office.microsoft.com\/pt-br\/onenote\/\" target=\"_blank\"><strong>OneNote:<\/strong><\/a>Fa\u00e7a anota\u00e7\u00f5es de tudo o que voc\u00ea precisa.<br \/>\n<a href=\"http:\/\/office.microsoft.com\/pt-br\/access\/\" target=\"_blank\"><strong>Access:<\/strong><\/a> Crie bancos de dados ou use modelos j\u00e1 prontos.<br \/>\n<a href=\"http:\/\/office.microsoft.com\/pt-br\/publisher\/\" target=\"_blank\"><strong>Publisher:<\/strong><\/a> Desenvolva e publique conte\u00fados ricos.<\/p>\n<p>Assinantes do <strong>Office 365 Home Premium<\/strong> podem transmitir vers\u00f5es completas dos aplicativos do Office para qualquer PC conectado \u00e0 Internet e executando o Windows 7 ou do Windows 8 usando o <a title=\"Office On Demand\" href=\"http:\/\/office.microsoft.com\/pt-br\/sharepoint-online-enterprise-help\/usar-o-office-on-demand-HA103337813.aspx?CTT=1\" target=\"_blank\">Office on Demand.<\/a> Caso esteja usando um computador p\u00fablico ao sair os componentes s\u00e3o removidos. Seus documentos s\u00e3o salvos no SkyDrive a n\u00e3o ser que voc\u00ea queira salvar os mesmos na nuvem.<\/p>\n<p>O novo Office tamb\u00e9m salva suas configura\u00e7\u00f5es pessoais e at\u00e9 mesmo a p\u00e1gina do documento aonde voc\u00ea esta trabalhando. Para adquirir o Office 365 Home Premium voc\u00ea precisa ter uma conta <a href=\"http:\/\/www.microsoft.com\">Microsoft<\/a>.<\/p>\n<p>&nbsp;<\/p>\n<h2>Armazenamento no OneDrive<\/h2>\n<p><a href=\"https:\/\/www.office365brasil.com.br\/365blog\/wp-content\/uploads\/2013\/01\/office365homepremiumskydrive.png\"><img loading=\"lazy\" decoding=\"async\" style=\"background-image: none; padding-top: 0px; padding-left: 0px; display: inline; padding-right: 0px; border-width: 0px;\" title=\"office365homepremiumskydrive\" src=\"https:\/\/www.office365brasil.com.br\/365blog\/wp-content\/uploads\/2013\/01\/office365homepremiumskydrive_thumb.png\" alt=\"office-365-home-premium-skydrive\" width=\"600\" height=\"200\" border=\"0\" \/><\/a><\/p>\n<p>Assinantes do <strong>Office 365 Home Premium<\/strong> podem armazenar uma seus dados no OneDrive\u00a0utilizando um total de <strong>1TB<\/strong>\u00a0\u00a0de espa\u00e7o para armazenamento de documentos, fotos, v\u00eddeos e m\u00fasicas. Com a assinatura do Office 365 Home Premium voc\u00ea ganha mais 20Gb adicionais de espa\u00e7o para guardar informa\u00e7\u00f5es e acessar as mesmas de qualquer lugar com acesso a internet.<\/p>\n<p>Voc\u00ea tem acesso a suas informa\u00e7\u00f5es atrav\u00e9s do seu PC, Mac, Smartphone, Xbox ou Tablet. Fa\u00e7a a sincroniza\u00e7\u00e3o local usando o aplicativo <span style=\"text-decoration: underline;\">OneDrive\u00a0<\/span>\u00a0tenha acesso Off Line aos seus documentos.<\/p>\n<h2>Converse online via Skype<\/h2>\n<p><a href=\"https:\/\/www.office365brasil.com.br\/365blog\/wp-content\/uploads\/2013\/01\/office365homepremiumskype1.png\"><img loading=\"lazy\" decoding=\"async\" style=\"background-image: none; padding-top: 0px; padding-left: 0px; display: inline; padding-right: 0px; border-width: 0px;\" title=\"office365homepremiumskype\" src=\"https:\/\/www.office365brasil.com.br\/365blog\/wp-content\/uploads\/2013\/01\/office365homepremiumskype_thumb1.png\" alt=\"office-365-home-premium-skype\" width=\"600\" height=\"200\" border=\"0\" \/><\/a><\/p>\n<p>Se voc\u00ea assinar o <strong>Office 365 Home Premium<\/strong> tamb\u00e9m receber\u00e1 60 minutos mensais no Skype Mundial que lhe permitir\u00e3o conversar com qualquer telefone em at\u00e9 40 <a title=\"Pa\u00edses para o Skype Word\" href=\"http:\/\/office.microsoft.com\/pt-br\/products\/office-2013-frequently-asked-questions-FX102926087.aspx#FAQSkypeCountries\" target=\"_blank\">pa\u00edses diferentes<\/a>. Voc\u00ea pode usar o <a href=\"http:\/\/www.skype.com.br\" target=\"_blank\">Skype<\/a> em qualquer dispositivo suportado.<\/p>\n<p>O que voc\u00ea precisa fazer \u00e9 ter o <a href=\"http:\/\/www.skype.com.br\" target=\"_blank\">Skype<\/a> instalado e configurado com a sua conta no Office 365 Home Premium para poder fazer uso dos 60 minutos mensais.<\/p>\n<h2>Vale a pena comprar o Office Home Premium?<\/h2>\n<p>O <strong>Office 365 Home Premium<\/strong> \u00e9 uma nova maneira de ter o Office para todos os computadores da sua casa e tamb\u00e9m dispositivos m\u00f3veis como tablets e smartphones. Neste modelo voc\u00ea pode pagar anualmente para ter sempre a vers\u00e3o mais atualizada do Office para at\u00e9 5 dispositivos e servi\u00e7os fant\u00e1sticos como Armazenamento na Nuvem, Office Sob Demanda e minutos para liga\u00e7\u00f5es para telefones fixos via Skype. Se voc\u00ea tem d\u00favida sobre<span style=\"line-height: 1.5em;\">\u00a0do <\/span><strong style=\"line-height: 1.5em;\">Office 365 Home Premium<\/strong><span style=\"line-height: 1.5em;\"> pode entrar em contato ou tamb\u00e9m <\/span><a style=\"line-height: 1.5em;\" title=\"Perguntar Office 365 Home Premium\" href=\"http:\/\/office.microsoft.com\/pt-br\/products\/office-2013-frequently-asked-questions-FX102926087.aspx\" target=\"_blank\">consultar o seguinte guia<\/a><span style=\"line-height: 1.5em;\"> relacionado a d\u00favidas comuns.<\/span><\/p>\n<!-- AddThis Advanced Settings generic via filter on the_content --><!-- AddThis Share Buttons generic via filter on the_content -->","protected":false},"excerpt":{"rendered":"<p>&nbsp; At\u00e9 5(cinco instala\u00e7\u00f5es) do Office em PC\u00b4s ou Mac\u00b4s 1TB de armazenamento\u00a0para voc\u00ea no OneDrive 60(Sessenta) minutos mensais de<!-- AddThis Advanced Settings generic via filter on wp_trim_excerpt --><!-- AddThis Share Buttons generic via filter on wp_trim_excerpt --><\/p>\n","protected":false},"author":2,"featured_media":0,"parent":0,"menu_order":0,"comment_status":"open","ping_status":"open","template":"","meta":{"colormag_page_container_layout":"default_layout","colormag_page_sidebar_layout":"default_layout","footnotes":""},"class_list":["post-713","page","type-page","status-publish","hentry"],"yoast_head":"<!-- This site is optimized with the Yoast SEO plugin v27.2 - https:\/\/yoast.com\/product\/yoast-seo-wordpress\/ -->\n<title>Office 365 Home Premium - Software e servi\u00e7os na nuvem<\/title>\n<meta name=\"description\" content=\"O Office 365 Home Premium \u00e9 a vers\u00e3o pessoal do Office. Com cinco instala\u00e7\u00f5es do Office para PC ou Mac, 1TB no OneDrive e 60 minutos\/m\u00eas no Skype.\" \/>\n<meta name=\"robots\" content=\"index, follow, max-snippet:-1, max-image-preview:large, max-video-preview:-1\" \/>\n<link rel=\"canonical\" href=\"https:\/\/www.office365brasil.com.br\/365blog\/office-365-home-premium\/\" \/>\n<meta property=\"og:locale\" content=\"pt_BR\" \/>\n<meta property=\"og:type\" content=\"article\" \/>\n<meta property=\"og:title\" content=\"Office 365 Home Premium - Software e servi\u00e7os na nuvem\" \/>\n<meta property=\"og:description\" content=\"O Office 365 Home Premium \u00e9 a vers\u00e3o pessoal do Office. Com cinco instala\u00e7\u00f5es do Office para PC ou Mac, 1TB no OneDrive e 60 minutos\/m\u00eas no Skype.\" \/>\n<meta property=\"og:url\" content=\"https:\/\/www.office365brasil.com.br\/365blog\/office-365-home-premium\/\" \/>\n<meta property=\"og:site_name\" content=\"365Brasil Blog - Novidades sobre o Microsoft 365\" \/>\n<meta property=\"article:modified_time\" content=\"2015-10-20T16:40:59+00:00\" \/>\n<meta property=\"og:image\" content=\"http:\/\/cdn2.dropmark.com\/54634\/72665e76658ab4bf9f82994a742720d14b5baaab\/BannerComprarHomePremium1.png\" \/>\n<meta name=\"twitter:card\" content=\"summary_large_image\" \/>\n<meta name=\"twitter:label1\" content=\"Est. tempo de leitura\" \/>\n\t<meta name=\"twitter:data1\" content=\"2 minutos\" \/>\n<script type=\"application\/ld+json\" class=\"yoast-schema-graph\">{\"@context\":\"https:\/\/schema.org\",\"@graph\":[{\"@type\":\"WebPage\",\"@id\":\"https:\/\/www.office365brasil.com.br\/365blog\/office-365-home-premium\/\",\"url\":\"https:\/\/www.office365brasil.com.br\/365blog\/office-365-home-premium\/\",\"name\":\"Office 365 Home Premium - Software e servi\u00e7os na nuvem\",\"isPartOf\":{\"@id\":\"https:\/\/www.office365brasil.com.br\/365blog\/#website\"},\"primaryImageOfPage\":{\"@id\":\"https:\/\/www.office365brasil.com.br\/365blog\/office-365-home-premium\/#primaryimage\"},\"image\":{\"@id\":\"https:\/\/www.office365brasil.com.br\/365blog\/office-365-home-premium\/#primaryimage\"},\"thumbnailUrl\":\"http:\/\/cdn2.dropmark.com\/54634\/72665e76658ab4bf9f82994a742720d14b5baaab\/BannerComprarHomePremium1.png\",\"datePublished\":\"2013-01-29T16:24:46+00:00\",\"dateModified\":\"2015-10-20T16:40:59+00:00\",\"description\":\"O Office 365 Home Premium \u00e9 a vers\u00e3o pessoal do Office. Com cinco instala\u00e7\u00f5es do Office para PC ou Mac, 1TB no OneDrive e 60 minutos\/m\u00eas no Skype.\",\"breadcrumb\":{\"@id\":\"https:\/\/www.office365brasil.com.br\/365blog\/office-365-home-premium\/#breadcrumb\"},\"inLanguage\":\"pt-BR\",\"potentialAction\":[{\"@type\":\"ReadAction\",\"target\":[\"https:\/\/www.office365brasil.com.br\/365blog\/office-365-home-premium\/\"]}]},{\"@type\":\"ImageObject\",\"inLanguage\":\"pt-BR\",\"@id\":\"https:\/\/www.office365brasil.com.br\/365blog\/office-365-home-premium\/#primaryimage\",\"url\":\"http:\/\/cdn2.dropmark.com\/54634\/72665e76658ab4bf9f82994a742720d14b5baaab\/BannerComprarHomePremium1.png\",\"contentUrl\":\"http:\/\/cdn2.dropmark.com\/54634\/72665e76658ab4bf9f82994a742720d14b5baaab\/BannerComprarHomePremium1.png\"},{\"@type\":\"BreadcrumbList\",\"@id\":\"https:\/\/www.office365brasil.com.br\/365blog\/office-365-home-premium\/#breadcrumb\",\"itemListElement\":[{\"@type\":\"ListItem\",\"position\":1,\"name\":\"Home\",\"item\":\"https:\/\/www.office365brasil.com.br\/365blog\/\"},{\"@type\":\"ListItem\",\"position\":2,\"name\":\"Office 365 Home Premium\"}]},{\"@type\":\"WebSite\",\"@id\":\"https:\/\/www.office365brasil.com.br\/365blog\/#website\",\"url\":\"https:\/\/www.office365brasil.com.br\/365blog\/\",\"name\":\"365Brasil Blog - Novidades sobre o Microsoft 365\",\"description\":\"Novidades e artigos relacionados sobre o Microsoft 365\",\"publisher\":{\"@id\":\"https:\/\/www.office365brasil.com.br\/365blog\/#organization\"},\"potentialAction\":[{\"@type\":\"SearchAction\",\"target\":{\"@type\":\"EntryPoint\",\"urlTemplate\":\"https:\/\/www.office365brasil.com.br\/365blog\/?s={search_term_string}\"},\"query-input\":{\"@type\":\"PropertyValueSpecification\",\"valueRequired\":true,\"valueName\":\"search_term_string\"}}],\"inLanguage\":\"pt-BR\"},{\"@type\":\"Organization\",\"@id\":\"https:\/\/www.office365brasil.com.br\/365blog\/#organization\",\"name\":\"365Brasil Blog - Novidades sobre o Microsoft 365\",\"url\":\"https:\/\/www.office365brasil.com.br\/365blog\/\",\"logo\":{\"@type\":\"ImageObject\",\"inLanguage\":\"pt-BR\",\"@id\":\"https:\/\/www.office365brasil.com.br\/365blog\/#\/schema\/logo\/image\/\",\"url\":\"https:\/\/www.office365brasil.com.br\/365blog\/wp-content\/uploads\/2021\/04\/logo.png\",\"contentUrl\":\"https:\/\/www.office365brasil.com.br\/365blog\/wp-content\/uploads\/2021\/04\/logo.png\",\"width\":318,\"height\":65,\"caption\":\"365Brasil Blog - Novidades sobre o Microsoft 365\"},\"image\":{\"@id\":\"https:\/\/www.office365brasil.com.br\/365blog\/#\/schema\/logo\/image\/\"}}]}<\/script>\n<!-- \/ Yoast SEO plugin. -->","yoast_head_json":{"title":"Office 365 Home Premium - Software e servi\u00e7os na nuvem","description":"O Office 365 Home Premium \u00e9 a vers\u00e3o pessoal do Office. Com cinco instala\u00e7\u00f5es do Office para PC ou Mac, 1TB no OneDrive e 60 minutos\/m\u00eas no Skype.","robots":{"index":"index","follow":"follow","max-snippet":"max-snippet:-1","max-image-preview":"max-image-preview:large","max-video-preview":"max-video-preview:-1"},"canonical":"https:\/\/www.office365brasil.com.br\/365blog\/office-365-home-premium\/","og_locale":"pt_BR","og_type":"article","og_title":"Office 365 Home Premium - Software e servi\u00e7os na nuvem","og_description":"O Office 365 Home Premium \u00e9 a vers\u00e3o pessoal do Office. Com cinco instala\u00e7\u00f5es do Office para PC ou Mac, 1TB no OneDrive e 60 minutos\/m\u00eas no Skype.","og_url":"https:\/\/www.office365brasil.com.br\/365blog\/office-365-home-premium\/","og_site_name":"365Brasil Blog - Novidades sobre o Microsoft 365","article_modified_time":"2015-10-20T16:40:59+00:00","og_image":[{"url":"http:\/\/cdn2.dropmark.com\/54634\/72665e76658ab4bf9f82994a742720d14b5baaab\/BannerComprarHomePremium1.png","type":"","width":"","height":""}],"twitter_card":"summary_large_image","twitter_misc":{"Est. tempo de leitura":"2 minutos"},"schema":{"@context":"https:\/\/schema.org","@graph":[{"@type":"WebPage","@id":"https:\/\/www.office365brasil.com.br\/365blog\/office-365-home-premium\/","url":"https:\/\/www.office365brasil.com.br\/365blog\/office-365-home-premium\/","name":"Office 365 Home Premium - Software e servi\u00e7os na nuvem","isPartOf":{"@id":"https:\/\/www.office365brasil.com.br\/365blog\/#website"},"primaryImageOfPage":{"@id":"https:\/\/www.office365brasil.com.br\/365blog\/office-365-home-premium\/#primaryimage"},"image":{"@id":"https:\/\/www.office365brasil.com.br\/365blog\/office-365-home-premium\/#primaryimage"},"thumbnailUrl":"http:\/\/cdn2.dropmark.com\/54634\/72665e76658ab4bf9f82994a742720d14b5baaab\/BannerComprarHomePremium1.png","datePublished":"2013-01-29T16:24:46+00:00","dateModified":"2015-10-20T16:40:59+00:00","description":"O Office 365 Home Premium \u00e9 a vers\u00e3o pessoal do Office. Com cinco instala\u00e7\u00f5es do Office para PC ou Mac, 1TB no OneDrive e 60 minutos\/m\u00eas no Skype.","breadcrumb":{"@id":"https:\/\/www.office365brasil.com.br\/365blog\/office-365-home-premium\/#breadcrumb"},"inLanguage":"pt-BR","potentialAction":[{"@type":"ReadAction","target":["https:\/\/www.office365brasil.com.br\/365blog\/office-365-home-premium\/"]}]},{"@type":"ImageObject","inLanguage":"pt-BR","@id":"https:\/\/www.office365brasil.com.br\/365blog\/office-365-home-premium\/#primaryimage","url":"http:\/\/cdn2.dropmark.com\/54634\/72665e76658ab4bf9f82994a742720d14b5baaab\/BannerComprarHomePremium1.png","contentUrl":"http:\/\/cdn2.dropmark.com\/54634\/72665e76658ab4bf9f82994a742720d14b5baaab\/BannerComprarHomePremium1.png"},{"@type":"BreadcrumbList","@id":"https:\/\/www.office365brasil.com.br\/365blog\/office-365-home-premium\/#breadcrumb","itemListElement":[{"@type":"ListItem","position":1,"name":"Home","item":"https:\/\/www.office365brasil.com.br\/365blog\/"},{"@type":"ListItem","position":2,"name":"Office 365 Home Premium"}]},{"@type":"WebSite","@id":"https:\/\/www.office365brasil.com.br\/365blog\/#website","url":"https:\/\/www.office365brasil.com.br\/365blog\/","name":"365Brasil Blog - Novidades sobre o Microsoft 365","description":"Novidades e artigos relacionados sobre o Microsoft 365","publisher":{"@id":"https:\/\/www.office365brasil.com.br\/365blog\/#organization"},"potentialAction":[{"@type":"SearchAction","target":{"@type":"EntryPoint","urlTemplate":"https:\/\/www.office365brasil.com.br\/365blog\/?s={search_term_string}"},"query-input":{"@type":"PropertyValueSpecification","valueRequired":true,"valueName":"search_term_string"}}],"inLanguage":"pt-BR"},{"@type":"Organization","@id":"https:\/\/www.office365brasil.com.br\/365blog\/#organization","name":"365Brasil Blog - Novidades sobre o Microsoft 365","url":"https:\/\/www.office365brasil.com.br\/365blog\/","logo":{"@type":"ImageObject","inLanguage":"pt-BR","@id":"https:\/\/www.office365brasil.com.br\/365blog\/#\/schema\/logo\/image\/","url":"https:\/\/www.office365brasil.com.br\/365blog\/wp-content\/uploads\/2021\/04\/logo.png","contentUrl":"https:\/\/www.office365brasil.com.br\/365blog\/wp-content\/uploads\/2021\/04\/logo.png","width":318,"height":65,"caption":"365Brasil Blog - Novidades sobre o Microsoft 365"},"image":{"@id":"https:\/\/www.office365brasil.com.br\/365blog\/#\/schema\/logo\/image\/"}}]}},"_links":{"self":[{"href":"https:\/\/www.office365brasil.com.br\/365blog\/wp-json\/wp\/v2\/pages\/713","targetHints":{"allow":["GET"]}}],"collection":[{"href":"https:\/\/www.office365brasil.com.br\/365blog\/wp-json\/wp\/v2\/pages"}],"about":[{"href":"https:\/\/www.office365brasil.com.br\/365blog\/wp-json\/wp\/v2\/types\/page"}],"author":[{"embeddable":true,"href":"https:\/\/www.office365brasil.com.br\/365blog\/wp-json\/wp\/v2\/users\/2"}],"replies":[{"embeddable":true,"href":"https:\/\/www.office365brasil.com.br\/365blog\/wp-json\/wp\/v2\/comments?post=713"}],"version-history":[{"count":55,"href":"https:\/\/www.office365brasil.com.br\/365blog\/wp-json\/wp\/v2\/pages\/713\/revisions"}],"predecessor-version":[{"id":4749,"href":"https:\/\/www.office365brasil.com.br\/365blog\/wp-json\/wp\/v2\/pages\/713\/revisions\/4749"}],"wp:attachment":[{"href":"https:\/\/www.office365brasil.com.br\/365blog\/wp-json\/wp\/v2\/media?parent=713"}],"curies":[{"name":"wp","href":"https:\/\/api.w.org\/{rel}","templated":true}]}}